{"id":1303,"date":"2026-01-27T12:05:38","date_gmt":"2026-01-27T12:05:38","guid":{"rendered":"https:\/\/atlas-machinery.eu\/?page_id=1303"},"modified":"2026-01-27T12:08:38","modified_gmt":"2026-01-27T12:08:38","slug":"privacy-policy","status":"publish","type":"page","link":"https:\/\/atlas-machinery.eu\/tr\/privacy-policy\/","title":{"rendered":"Gizlilik Politikas\u0131"},"content":{"rendered":"<div data-elementor-type=\"wp-page\" data-elementor-id=\"1303\" class=\"elementor elementor-1303\" data-elementor-post-type=\"page\">\n\t\t\t\t<div class=\"elementor-element elementor-element-695dcbb e-flex e-con-boxed e-con e-parent\" data-id=\"695dcbb\" data-element_type=\"container\" data-e-type=\"container\">\n\t\t\t\t\t<div class=\"e-con-inner\">\n\t\t\t\t<div class=\"elementor-element elementor-element-2494171 elementor-widget elementor-widget-html\" data-id=\"2494171\" data-element_type=\"widget\" data-e-type=\"widget\" data-widget_type=\"html.default\">\n\t\t\t\t\t<h1 class=\"privacy-policy-h1\">Gizlilik Politikas\u0131\n<br><span>Son G\u00fcncelleme Tarihi 27-Jan-2026<\/span>\n<br><span>Y\u00fcr\u00fcrl\u00fck Tarihi 27-Jan-2026<\/span>\n<\/h1>\n\n<p class=\"privacy-policy-p\">\n    Bu Gizlilik Politikas\u0131 a\u015fa\u011f\u0131dakilerin politikalar\u0131n\u0131 a\u00e7\u0131klamaktad\u0131r\n\n    Atlas Makine,\n    1103-11871 Horseshoe Yolu, 2. Kat,\n    Britanya Kolumbiyas\u0131\n    V7A 5H5,\n    Kanada,\n    e-posta: info@atlas-machinery.eu,\n    Telefon +36 70 423 1549\n\n    koleksiyonda,\n    toplad\u0131\u011f\u0131m\u0131z bilgilerinizin kullan\u0131m\u0131 ve if\u015fas\u0131\n    web sitemizi ( https:\/\/atlas-machinery.eu ) kulland\u0131\u011f\u0131n\u0131zda.\n    (\u201cHizmet\u201d). Eri\u015fim sa\u011flayarak veya kullanarak\n    ve\n    Hizmeti'ni kullanman\u0131z halinde, bu hizmetin toplanmas\u0131na, kullan\u0131lmas\u0131na ve\n    bilgilerinizin bu belgeye uygun olarak if\u015fa edilmesi\n    Gizlilik Politikas\u0131. E\u011fer ayn\u0131 \u015feyi kabul etmiyorsan\u0131z,\n    l\u00fctfen Hizmete eri\u015fmeyin veya Hizmeti kullanmay\u0131n.\n<\/p>\n\n<p class=\"privacy-policy-p\">\n    Bu Gizlilik Politikas\u0131n\u0131 herhangi bir zamanda\n    size \u00f6nceden bildirimde bulunacak ve revize edilmi\u015f\n    Hizmetteki Gizlilik Politikas\u0131. Revize edilen Politika \u015funlar\u0131 i\u00e7erecektir\n    180 g\u00fcn sonra y\u00fcr\u00fcrl\u00fc\u011fe girecektir.\n    revize edilmi\u015f Politika Hizmette yay\u0131nlan\u0131r ve sizin\n    bu s\u00fcreden sonra Hizmete eri\u015fimin veya Hizmetin kullan\u0131m\u0131n\u0131n devam etmesi\n    revize edilmi\u015f Gizlilik S\u00f6zle\u015fmesini kabul etti\u011finiz anlam\u0131na gelecektir.\n    Politika. Bu nedenle periyodik olarak \u015funlar\u0131 yapman\u0131z\u0131 \u00f6neririz\n    bu sayfay\u0131 g\u00f6zden ge\u00e7irin.\n<\/p>\n\n<ol class=\"privacy-policy-ol\">\n        <li>\n        <h2 class=\"privacy-policy-h2\">\n            Toplad\u0131\u011f\u0131m\u0131z Bilgiler:\n        <\/h2>\n\n        \n        <p class=\"privacy-policy-p\">\n            A\u015fa\u011f\u0131dakileri toplayacak ve i\u015fleyece\u011fiz\n            sizinle ilgili ki\u015fisel bilgiler:\n        <\/p>\n        <ol class=\"privacy-policy-ol\">\n\n                        <li>\u0130sim<\/li>\n            \n                        <li>E-posta<\/li>\n            \n                        <li>Mobil<\/li>\n            \n            \n            \n            \n                        <li>\u0130\u015f Adresi<\/li>\n            \n                        \n                                    <li>\u015eirket ad\u0131<\/li>\n                        \n        <\/ol>\n        \n\n        \n\n    <\/li>\n\n    \n    \n\n        <li>\n        <h2 class=\"privacy-policy-h2\">\n            Bilgilerinizi Nas\u0131l Kullan\u0131yoruz:\n        <\/h2>\n        <p class=\"privacy-policy-p\">\n            Toplad\u0131\u011f\u0131m\u0131z bilgileri kullanaca\u011f\u0131z\n            sizin hakk\u0131n\u0131zda a\u015fa\u011f\u0131daki ama\u00e7lar i\u00e7in:\n        <\/p>\n        <ol class=\"privacy-policy-ol\">\n\n                        <li>Pazarlama \/ Promosyon<\/li>\n            \n            \n            \n                        <li>M\u00fc\u015fteri geri bildirimi toplama<\/li>\n            \n            \n            \n                        <li>Destek<\/li>\n            \n                        <li>Y\u00f6netim bilgileri<\/li>\n            \n                        <li>Hedefli reklamc\u0131l\u0131k<\/li>\n            \n            \n            \n            \n            \n            \n        <\/ol>\n        <p class=\"privacy-policy-p\">\n            Bilgilerinizi ba\u015fka herhangi bir ama\u00e7la kullanmak istersek\n            amac\u0131yla, sizden onay isteyece\u011fiz ve\n            bilgilerinizi sadece sizin bilgilerinizi ald\u0131ktan sonra\n            ve daha sonra, yaln\u0131zca a\u015fa\u011f\u0131daki ama\u00e7(lar) i\u00e7in\n            yapmam\u0131z gerekmedik\u00e7e onay veren\n            aksi takdirde kanunen.\n        <\/p>\n    <\/li>\n    \n    \n    <li>\n        <h2 class=\"privacy-policy-h2\">\n            Bilgilerinizi Nas\u0131l Payla\u015f\u0131yoruz:\n        <\/h2>\n\n\n                <p class=\"privacy-policy-p\">\n            Ki\u015fisel bilgilerinizi aktarmayaca\u011f\u0131z\n            sizin izninizi almadan herhangi bir \u00fc\u00e7\u00fcnc\u00fc tarafa aktaramaz,\n            a\u00e7\u0131klanan s\u0131n\u0131rl\u0131 durumlar d\u0131\u015f\u0131nda\n            a\u015fa\u011f\u0131da:\n        <\/p>\n        <ol class=\"privacy-policy-ol\">\n            \n            \n            \n            \n                        <li>Analitik<\/li>\n            \n            \n                    <\/ol>\n        \n        <p class=\"privacy-policy-p\">\n            Bu t\u00fcr \u00fc\u00e7\u00fcnc\u00fc taraflar\u0131n\n            sadece onlara aktard\u0131\u011f\u0131m\u0131z ki\u015fisel bilgiler\n            devredildi\u011fi ama\u00e7 i\u00e7in ve\n            i\u00e7in gerekenden daha uzun s\u00fcre saklamamak\n            s\u00f6z konusu amac\u0131 yerine getirmek.\n        <\/p>\n        <p class=\"privacy-policy-p\">\n            Ki\u015fisel bilgilerinizi ayr\u0131ca if\u015fa edebiliriz\n            a\u015fa\u011f\u0131dakiler i\u00e7in: (1) y\u00fcr\u00fcrl\u00fckteki mevzuata uymak\n            kanun, y\u00f6netmelik, mahkeme karar\u0131 veya di\u011fer yasal\n            s\u00fcreci; (2) bizimle olan s\u00f6zle\u015fmelerinizi uygulamak i\u00e7in,\n            bu Gizlilik Politikas\u0131 dahil; veya (3) yan\u0131t vermek i\u00e7in\n            Hizmeti kullan\u0131m\u0131n\u0131z\u0131n a\u015fa\u011f\u0131dakileri ihlal etti\u011fi iddialar\u0131na\n            herhangi bir \u00fc\u00e7\u00fcnc\u00fc taraf hakk\u0131. E\u011fer Hizmet veya bizim\n            \u015firketin ba\u015fka bir \u015firketle birle\u015fmesi veya sat\u0131n al\u0131nmas\u0131\n            \u015firket, sizin bilgileriniz\n            yeni sahibine devredilen varl\u0131klar.\n        <\/p>\n    <\/li>\n    \n\n        <li>\n        <h2 class=\"privacy-policy-h2\">\n            Bilgilerinizin Saklanmas\u0131:\n        <\/h2>\n        <p class=\"privacy-policy-p\">\n            Ki\u015fisel bilgilerinizi bizde saklayaca\u011f\u0131z\n            i\u00e7in\n                        Kullan\u0131c\u0131lar hesaplar\u0131n\u0131 sonland\u0131rd\u0131ktan 90 g\u00fcn ila 2 y\u0131l sonra\n                        ya da\n            ama\u00e7lar\u0131n\u0131 yerine getirmek i\u00e7in ihtiya\u00e7 duydu\u011fumuz s\u00fcrece\n            bu belgede ayr\u0131nt\u0131l\u0131 olarak a\u00e7\u0131kland\u0131\u011f\u0131 \u00fczere\n            Gizlilik Politikas\u0131. Belli bir miktar paray\u0131 elimizde tutmam\u0131z gerekebilir.\n            gibi daha uzun s\u00fcreler i\u00e7in bilgi\n            uyar\u0131nca kay\u0131t tutma \/ raporlama\n            y\u00fcr\u00fcrl\u00fckteki yasalar veya di\u011fer me\u015fru nedenlerle\n            yasal haklar\u0131n uygulanmas\u0131, doland\u0131r\u0131c\u0131l\u0131k gibi\n            \u00f6nleme, vb. Art\u0131k anonim bilgiler\n            ve toplu bilgiler, bunlar\u0131n hi\u00e7biri\n            sizi (do\u011frudan veya dolayl\u0131 olarak) tan\u0131mlar, \u015funlar olabilir\n            s\u00fcresiz olarak saklan\u0131r.\n        <\/p>\n    <\/li>\n    \n    <li>\n        <h2 class=\"privacy-policy-h2\">\n            Haklar\u0131n\u0131z:\n        <\/h2>\n        <p class=\"privacy-policy-p\">\n            Uygulanan yasaya ba\u011fl\u0131 olarak, a\u015fa\u011f\u0131dakilere sahip olabilirsiniz\n            eri\u015fim ve d\u00fczeltme veya silme hakk\u0131\n            veya ki\u015fisel verilerinizin bir kopyas\u0131n\u0131 almak\n            veri, k\u0131s\u0131tlama veya nesneyi aktif\n            verilerinizin i\u015flenmesi, payla\u015fmam\u0131z\u0131 isteyin (port)\n            ki\u015fisel bilgilerinizi ba\u015fka bir kurulu\u015fa vermek,\n            bize verdi\u011finiz herhangi bir izni geri \u00e7ekmek i\u00e7in\n            verilerinizi i\u015fleme, \u015fikayette bulunma hakk\u0131\n            yasal bir otorite ve di\u011fer haklar ile\n            y\u00fcr\u00fcrl\u00fckteki yasalar kapsam\u0131nda ilgili olabilece\u011fi \u015fekilde. i\u00e7in\n            bu haklar\u0131n\u0131z\u0131 kullanmak i\u00e7in bize \u015fu adresten yazabilirsiniz\n            info@atlas-machinery.eu.\n            Size yan\u0131t verece\u011fiz\n            y\u00fcr\u00fcrl\u00fckteki yasalara uygun olarak talep edebilir.\n        <\/p>\n\n                <p class=\"privacy-policy-p\">\n            Do\u011frudan pazarlamadan vazge\u00e7ebilirsiniz\n            ileti\u015fimler veya a\u015fa\u011f\u0131dakiler i\u00e7in ger\u00e7ekle\u015ftirdi\u011fimiz profilleme\n            adresinden bize yazarak pazarlama ama\u00e7lar\u0131\n            info@atlas-machinery.eu.\n        <\/p>\n        \n        <p class=\"privacy-policy-p\">\n            \u015eunlar\u0131 toplamam\u0131za izin vermezseniz\n            veya gerekli ki\u015fisel bilgileri i\u015flemek veya\n            ayn\u0131 i\u015flem i\u00e7in verilen onay\u0131 geri \u00e7ekmek\n            gerekli ama\u00e7lar i\u00e7in, a\u015fa\u011f\u0131dakilere eri\u015femeyebilirsiniz\n            veya bilgilerinizin kullan\u0131ld\u0131\u011f\u0131 hizmetleri kullanmak\n            aran\u0131yordu.\n        <\/p>\n    <\/li>\n        <li>\n        <h2 class=\"privacy-policy-h2\">\n            \u00c7erezler vb.\n        <\/h2>\n        <p class=\"privacy-policy-p\">\n\n            \n            Bunlar\u0131 nas\u0131l kulland\u0131\u011f\u0131m\u0131z hakk\u0131nda daha fazla bilgi edinmek i\u00e7in\n            ve bu izleme ile ilgili se\u00e7imleriniz\n            teknolojileri hakk\u0131nda bilgi almak i\u00e7in l\u00fctfen\n            <a href=\"https:\/\/atlas-machinery.eu\/tr\/cookies\/\">\u00c7erez Politikas\u0131.<\/a>\n        <\/p>\n    <\/li>\n    \n    <li>\n        <h2 class=\"privacy-policy-h2\">\n            G\u00fcvenlik:\n        <\/h2>\n        <p class=\"privacy-policy-p\">\n            Bilgilerinizin g\u00fcvenli\u011fi a\u015fa\u011f\u0131dakiler i\u00e7in \u00f6nemlidir\n            ve makul g\u00fcvenlik \u00f6nlemlerini kullanaca\u011f\u0131z\n            kaybolmas\u0131n\u0131, k\u00f6t\u00fcye kullan\u0131lmas\u0131n\u0131 veya yetkisiz\n            kapsam\u0131nda bilgilerinizin de\u011fi\u015ftirilmesi\n            Kontrol. Ancak, do\u011fas\u0131nda var olan riskler g\u00f6z \u00f6n\u00fcne al\u0131nd\u0131\u011f\u0131nda\n            mutlak g\u00fcvenli\u011fi garanti edemez ve\n            Sonu\u00e7 olarak, a\u015fa\u011f\u0131dakileri garanti edemeyiz veya garanti edemeyiz\n            bize iletti\u011finiz t\u00fcm bilgilerin g\u00fcvenli\u011fi\n            ve bunu kendi sorumlulu\u011funuzda yapars\u0131n\u0131z.\n        <\/p>\n    <\/li>\n\n    \n    <li>\n        <h2 class=\"privacy-policy-h2\">\n            \u015eikayet \/ Veri Koruma G\u00f6revlisi:\n        <\/h2>\n        <p class=\"privacy-policy-p\">\n            Hakk\u0131nda herhangi bir sorunuz veya endi\u015feniz varsa\n            mevcut olan bilgilerinizin i\u015flenmesi\n            adresinden \u015eikayet Sorumlumuza e-posta g\u00f6nderebilirsiniz.\n            Atlas Makine,\n            1103-11871 Horseshoe Yolu, 2. Kat,\n            e-posta: info@atlas-machinery.eu.\n            Endi\u015felerinizi y\u00fcr\u00fcrl\u00fckteki yasalara uygun olarak ele alaca\u011f\u0131z.\n        <\/p>\n    <\/li>\n<\/ol>\n<p class=\"privacy-policy-p\">\n    Gizlilik Politikas\u0131 ile olu\u015fturuldu  <a target=\"_blank\" href=\"https:\/\/www.cookieyes.com\/?utm_source=PP&utm_medium=footer&utm_campaign=UW\">KurabiyeEvet<\/a>.\n<\/p>\t\t\t\t<\/div>\n\t\t\t\t\t<\/div>\n\t\t\t\t<\/div>\n\t\t\t\t<\/div>","protected":false},"excerpt":{"rendered":"<p>Privacy Policy Last Updated On 27-Jan-2026 Effective Date 27-Jan-2026 This Privacy Policy describes the policies of Atlas Machinery, 1103\u201311871 Horseshoe Way, 2nd Floor, British Columbia V7A 5H5, Canada, email: info@atlas-machinery.eu, phone: +36 70 423 1549 on the collection, use and disclosure of your information that we collect when you use our website ( https:\/\/atlas-machinery.eu ). [&hellip;]<\/p>\n","protected":false},"author":1,"featured_media":0,"parent":0,"menu_order":0,"comment_status":"closed","ping_status":"closed","template":"elementor_header_footer","meta":{"inline_featured_image":false,"footnotes":""},"class_list":["post-1303","page","type-page","status-publish","hentry"],"yoast_head":"<!-- This site is optimized with the Yoast SEO Premium plugin v27.4 (Yoast SEO v27.4) - https:\/\/yoast.com\/product\/yoast-seo-premium-wordpress\/ -->\n<title>Privacy Policy - Atlas-Machinery<\/title>\n<meta name=\"robots\" content=\"index, follow, max-snippet:-1, max-image-preview:large, max-video-preview:-1\" \/>\n<link rel=\"canonical\" href=\"https:\/\/atlas-machinery.eu\/tr\/privacy-policy\/\" \/>\n<meta property=\"og:locale\" content=\"tr_TR\" \/>\n<meta property=\"og:type\" content=\"article\" \/>\n<meta property=\"og:title\" content=\"Privacy Policy\" \/>\n<meta property=\"og:description\" content=\"Privacy Policy Last Updated On 27-Jan-2026 Effective Date 27-Jan-2026 This Privacy Policy describes the policies of Atlas Machinery, 1103\u201311871 Horseshoe Way, 2nd Floor, British Columbia V7A 5H5, Canada, email: info@atlas-machinery.eu, phone: +36 70 423 1549 on the collection, use and disclosure of your information that we collect when you use our website ( https:\/\/atlas-machinery.eu ). [&hellip;]\" \/>\n<meta property=\"og:url\" content=\"https:\/\/atlas-machinery.eu\/tr\/privacy-policy\/\" \/>\n<meta property=\"og:site_name\" content=\"Atlas-Machinery\" \/>\n<meta property=\"article:modified_time\" content=\"2026-01-27T12:08:38+00:00\" \/>\n<meta name=\"twitter:card\" content=\"summary_large_image\" \/>\n<meta name=\"twitter:label1\" content=\"Tahmini okuma s\u00fcresi\" \/>\n\t<meta name=\"twitter:data1\" content=\"4 dakika\" \/>\n<script type=\"application\/ld+json\" class=\"yoast-schema-graph\">{\"@context\":\"https:\\\/\\\/schema.org\",\"@graph\":[{\"@type\":\"WebPage\",\"@id\":\"https:\\\/\\\/atlas-machinery.eu\\\/privacy-policy\\\/\",\"url\":\"https:\\\/\\\/atlas-machinery.eu\\\/privacy-policy\\\/\",\"name\":\"Privacy Policy - Atlas-Machinery\",\"isPartOf\":{\"@id\":\"https:\\\/\\\/atlas-machinery.eu\\\/#website\"},\"datePublished\":\"2026-01-27T12:05:38+00:00\",\"dateModified\":\"2026-01-27T12:08:38+00:00\",\"breadcrumb\":{\"@id\":\"https:\\\/\\\/atlas-machinery.eu\\\/privacy-policy\\\/#breadcrumb\"},\"inLanguage\":\"tr\",\"potentialAction\":[{\"@type\":\"ReadAction\",\"target\":[\"https:\\\/\\\/atlas-machinery.eu\\\/privacy-policy\\\/\"]}]},{\"@type\":\"BreadcrumbList\",\"@id\":\"https:\\\/\\\/atlas-machinery.eu\\\/privacy-policy\\\/#breadcrumb\",\"itemListElement\":[{\"@type\":\"ListItem\",\"position\":1,\"name\":\"Kezd\u0151lap\",\"item\":\"https:\\\/\\\/atlas-machinery.eu\\\/\"},{\"@type\":\"ListItem\",\"position\":2,\"name\":\"Privacy Policy\"}]},{\"@type\":\"WebSite\",\"@id\":\"https:\\\/\\\/atlas-machinery.eu\\\/#website\",\"url\":\"https:\\\/\\\/atlas-machinery.eu\\\/\",\"name\":\"Atlas-Machinery\",\"description\":\"Industrial Dismantling Experts\",\"publisher\":{\"@id\":\"https:\\\/\\\/atlas-machinery.eu\\\/#organization\"},\"potentialAction\":[{\"@type\":\"SearchAction\",\"target\":{\"@type\":\"EntryPoint\",\"urlTemplate\":\"https:\\\/\\\/atlas-machinery.eu\\\/?s={search_term_string}\"},\"query-input\":{\"@type\":\"PropertyValueSpecification\",\"valueRequired\":true,\"valueName\":\"search_term_string\"}}],\"inLanguage\":\"tr\"},{\"@type\":\"Organization\",\"@id\":\"https:\\\/\\\/atlas-machinery.eu\\\/#organization\",\"name\":\"Atlas-Machinery\",\"url\":\"https:\\\/\\\/atlas-machinery.eu\\\/\",\"logo\":{\"@type\":\"ImageObject\",\"inLanguage\":\"tr\",\"@id\":\"https:\\\/\\\/atlas-machinery.eu\\\/#\\\/schema\\\/logo\\\/image\\\/\",\"url\":\"https:\\\/\\\/atlas-machinery.eu\\\/wp-content\\\/uploads\\\/2026\\\/01\\\/logo.svg\",\"contentUrl\":\"https:\\\/\\\/atlas-machinery.eu\\\/wp-content\\\/uploads\\\/2026\\\/01\\\/logo.svg\",\"width\":100,\"height\":100,\"caption\":\"Atlas-Machinery\"},\"image\":{\"@id\":\"https:\\\/\\\/atlas-machinery.eu\\\/#\\\/schema\\\/logo\\\/image\\\/\"}}]}<\/script>\n<!-- \/ Yoast SEO Premium plugin. -->","yoast_head_json":{"title":"Privacy Policy - Atlas-Machinery","robots":{"index":"index","follow":"follow","max-snippet":"max-snippet:-1","max-image-preview":"max-image-preview:large","max-video-preview":"max-video-preview:-1"},"canonical":"https:\/\/atlas-machinery.eu\/tr\/privacy-policy\/","og_locale":"tr_TR","og_type":"article","og_title":"Privacy Policy","og_description":"Privacy Policy Last Updated On 27-Jan-2026 Effective Date 27-Jan-2026 This Privacy Policy describes the policies of Atlas Machinery, 1103\u201311871 Horseshoe Way, 2nd Floor, British Columbia V7A 5H5, Canada, email: info@atlas-machinery.eu, phone: +36 70 423 1549 on the collection, use and disclosure of your information that we collect when you use our website ( https:\/\/atlas-machinery.eu ). [&hellip;]","og_url":"https:\/\/atlas-machinery.eu\/tr\/privacy-policy\/","og_site_name":"Atlas-Machinery","article_modified_time":"2026-01-27T12:08:38+00:00","twitter_card":"summary_large_image","twitter_misc":{"Tahmini okuma s\u00fcresi":"4 dakika"},"schema":{"@context":"https:\/\/schema.org","@graph":[{"@type":"WebPage","@id":"https:\/\/atlas-machinery.eu\/privacy-policy\/","url":"https:\/\/atlas-machinery.eu\/privacy-policy\/","name":"Privacy Policy - Atlas-Machinery","isPartOf":{"@id":"https:\/\/atlas-machinery.eu\/#website"},"datePublished":"2026-01-27T12:05:38+00:00","dateModified":"2026-01-27T12:08:38+00:00","breadcrumb":{"@id":"https:\/\/atlas-machinery.eu\/privacy-policy\/#breadcrumb"},"inLanguage":"tr","potentialAction":[{"@type":"ReadAction","target":["https:\/\/atlas-machinery.eu\/privacy-policy\/"]}]},{"@type":"BreadcrumbList","@id":"https:\/\/atlas-machinery.eu\/privacy-policy\/#breadcrumb","itemListElement":[{"@type":"ListItem","position":1,"name":"Kezd\u0151lap","item":"https:\/\/atlas-machinery.eu\/"},{"@type":"ListItem","position":2,"name":"Privacy Policy"}]},{"@type":"WebSite","@id":"https:\/\/atlas-machinery.eu\/#website","url":"https:\/\/atlas-machinery.eu\/","name":"Atlas-Machinery","description":"Industrial Dismantling Experts","publisher":{"@id":"https:\/\/atlas-machinery.eu\/#organization"},"potentialAction":[{"@type":"SearchAction","target":{"@type":"EntryPoint","urlTemplate":"https:\/\/atlas-machinery.eu\/?s={search_term_string}"},"query-input":{"@type":"PropertyValueSpecification","valueRequired":true,"valueName":"search_term_string"}}],"inLanguage":"tr"},{"@type":"Organization","@id":"https:\/\/atlas-machinery.eu\/#organization","name":"Atlas-Machinery","url":"https:\/\/atlas-machinery.eu\/","logo":{"@type":"ImageObject","inLanguage":"tr","@id":"https:\/\/atlas-machinery.eu\/#\/schema\/logo\/image\/","url":"https:\/\/atlas-machinery.eu\/wp-content\/uploads\/2026\/01\/logo.svg","contentUrl":"https:\/\/atlas-machinery.eu\/wp-content\/uploads\/2026\/01\/logo.svg","width":100,"height":100,"caption":"Atlas-Machinery"},"image":{"@id":"https:\/\/atlas-machinery.eu\/#\/schema\/logo\/image\/"}}]}},"_links":{"self":[{"href":"https:\/\/atlas-machinery.eu\/tr\/wp-json\/wp\/v2\/pages\/1303","targetHints":{"allow":["GET"]}}],"collection":[{"href":"https:\/\/atlas-machinery.eu\/tr\/wp-json\/wp\/v2\/pages"}],"about":[{"href":"https:\/\/atlas-machinery.eu\/tr\/wp-json\/wp\/v2\/types\/page"}],"author":[{"embeddable":true,"href":"https:\/\/atlas-machinery.eu\/tr\/wp-json\/wp\/v2\/users\/1"}],"replies":[{"embeddable":true,"href":"https:\/\/atlas-machinery.eu\/tr\/wp-json\/wp\/v2\/comments?post=1303"}],"version-history":[{"count":10,"href":"https:\/\/atlas-machinery.eu\/tr\/wp-json\/wp\/v2\/pages\/1303\/revisions"}],"predecessor-version":[{"id":1313,"href":"https:\/\/atlas-machinery.eu\/tr\/wp-json\/wp\/v2\/pages\/1303\/revisions\/1313"}],"wp:attachment":[{"href":"https:\/\/atlas-machinery.eu\/tr\/wp-json\/wp\/v2\/media?parent=1303"}],"curies":[{"name":"wp","href":"https:\/\/api.w.org\/{rel}","templated":true}]}}