{"id":1301,"date":"2026-01-27T12:04:36","date_gmt":"2026-01-27T12:04:36","guid":{"rendered":"https:\/\/atlas-machinery.eu\/?page_id=1301"},"modified":"2026-01-27T12:21:01","modified_gmt":"2026-01-27T12:21:01","slug":"cookies","status":"publish","type":"page","link":"https:\/\/atlas-machinery.eu\/tr\/cookies\/","title":{"rendered":"\u00c7erezler"},"content":{"rendered":"<div data-elementor-type=\"wp-page\" data-elementor-id=\"1301\" class=\"elementor elementor-1301\" data-elementor-post-type=\"page\">\n\t\t\t\t<div class=\"elementor-element elementor-element-d3657c1 e-flex e-con-boxed e-con e-parent\" data-id=\"d3657c1\" data-element_type=\"container\" data-e-type=\"container\">\n\t\t\t\t\t<div class=\"e-con-inner\">\n\t\t\t\t<div class=\"elementor-element elementor-element-bd29516 elementor-widget elementor-widget-html\" data-id=\"bd29516\" data-element_type=\"widget\" data-e-type=\"widget\" data-widget_type=\"html.default\">\n\t\t\t\t\t<style>\n  a.cky-banner-element {\n    padding: 8px 30px;\n    background: #f8f9fa;\n    color: #858a8f;\n    border: 1px solid #dee2e6;\n    box-sizing: border-box;\n    border-radius: 2px;\n    cursor: pointer\n  }\n<\/style>\n<h1 class=\"cookie-policy-h1\">\u00c7erez Politikas\u0131<\/h1>\n<div class=\"cookie-policy-date-container\">\n  <p>Y\u00fcr\u00fcrl\u00fck tarihi: 27 Ocak 2026<\/p>\n  <p>Son g\u00fcncelleme: 27 Ocak 2026<\/p>\n<\/div>&nbsp;<h2>Kurabiye nedir?<\/h2>\n<div class=\"cookie-policy-p\">\n  <p>Bu \u00c7erez Politikas\u0131, \u00e7erezlerin ne oldu\u011funu, bunlar\u0131 nas\u0131l kulland\u0131\u011f\u0131m\u0131z\u0131, kulland\u0131\u011f\u0131m\u0131z \u00e7erez t\u00fcrlerini (yani, \u00e7erezleri kullanarak toplad\u0131\u011f\u0131m\u0131z bilgileri ve bu bilgilerin nas\u0131l kullan\u0131ld\u0131\u011f\u0131n\u0131) ve \u00e7erez ayarlar\u0131n\u0131z\u0131 nas\u0131l y\u00f6netece\u011finizi a\u00e7\u0131klar.<\/p>\n  <p>\u00c7erezler, k\u00fc\u00e7\u00fck bilgi par\u00e7alar\u0131n\u0131 saklamak i\u00e7in kullan\u0131lan k\u00fc\u00e7\u00fck metin dosyalar\u0131d\u0131r. Bir web sitesi taray\u0131c\u0131n\u0131za y\u00fcklendi\u011finde cihaz\u0131n\u0131zda saklan\u0131rlar. Bu \u00e7erezler, web sitesinin d\u00fczg\u00fcn \u00e7al\u0131\u015fmas\u0131n\u0131 sa\u011flamaya, g\u00fcvenli\u011fi art\u0131rmaya, daha iyi bir kullan\u0131c\u0131 deneyimi sa\u011flamaya ve neyin i\u015fe yarad\u0131\u011f\u0131n\u0131 ve nerede iyile\u015ftirmeler yap\u0131lmas\u0131 gerekti\u011fini belirlemek i\u00e7in performans\u0131 analiz etmeye yard\u0131mc\u0131 olur.<\/p>\n<\/div>&nbsp;<h2>\u00c7erezleri nas\u0131l kullan\u0131yoruz?<\/h2>\n<div class=\"cookie-policy-p\">\n  <p>\u00c7o\u011fu \u00e7evrimi\u00e7i hizmet gibi, web sitemiz de \u00e7e\u015fitli ama\u00e7lar i\u00e7in hem birinci taraf hem de \u00fc\u00e7\u00fcnc\u00fc taraf \u00e7erezleri kullan\u0131r. Birinci taraf \u00e7erezleri \u00f6ncelikle web sitesinin d\u00fczg\u00fcn \u00e7al\u0131\u015fmas\u0131 i\u00e7in gereklidir ve ki\u015fisel olarak tan\u0131mlanabilir herhangi bir veri toplamaz.<\/p>\n  <p>Web sitemizde kullan\u0131lan \u00fc\u00e7\u00fcnc\u00fc taraf \u00e7erezleri, \u00f6ncelikle web sitesinin nas\u0131l performans g\u00f6sterdi\u011fini anlamam\u0131za, onunla nas\u0131l etkile\u015fimde bulundu\u011funuzu izlememize, hizmetlerimizi g\u00fcvende tutmam\u0131za, alakal\u0131 reklamlar sunmam\u0131za ve web sitemizle gelecekteki etkile\u015fimlerinizin h\u0131z\u0131n\u0131 art\u0131r\u0131rken genel kullan\u0131c\u0131 deneyiminizi geli\u015ftirmemize yard\u0131mc\u0131 olur.<\/p>\n<\/div>&nbsp;<h2>Kulland\u0131\u011f\u0131m\u0131z \u00e7erez t\u00fcrleri<\/h2>\n<div class=\"cky-audit-table-element\"><\/div>&nbsp;<h2 style=\"margin-bottom: 20px\">\u00c7erez tercihlerini y\u00f6netme<\/h2><a class=\"cky-banner-element\">R\u0131za Tercihleri<\/a><br \/>\n<div>\n  <p>Yukar\u0131daki 'Onay Tercihleri' d\u00fc\u011fmesine t\u0131klayarak \u00e7erez ayarlar\u0131n\u0131z\u0131 istedi\u011finiz zaman de\u011fi\u015ftirebilirsiniz. Bu, \u00e7erez onay\u0131 ba\u015fl\u0131\u011f\u0131n\u0131 tekrar ziyaret etmenize ve tercihlerinizi g\u00fcncellemenize veya onay\u0131n\u0131z\u0131 hemen geri \u00e7ekmenize olanak tan\u0131r. <\/p>\n  <p>Ayr\u0131ca, farkl\u0131 taray\u0131c\u0131lar web siteleri taraf\u0131ndan kullan\u0131lan \u00e7erezleri engellemek ve silmek i\u00e7in \u00e7e\u015fitli y\u00f6ntemler sunar. \u00c7erezleri engellemek veya silmek i\u00e7in taray\u0131c\u0131 ayarlar\u0131n\u0131z\u0131 de\u011fi\u015ftirebilirsiniz. A\u015fa\u011f\u0131da, ba\u015fl\u0131ca web taray\u0131c\u0131lar\u0131nda \u00e7erezlerin nas\u0131l y\u00f6netilece\u011fi ve silinece\u011fi ile ilgili destek belgelerine ba\u011flant\u0131lar bulunmaktad\u0131r.<\/p>\n  <p>Krom: <a target=\"_blank\" rel=\"noopener noreferrer\" href=\"https:\/\/support.google.com\/accounts\/answer\/32050\">https:\/\/support.google.com\/accounts\/answer\/32050<\/a><\/p>\n  <p>Safari: <a target=\"_blank\" rel=\"noopener noreferrer\" href=\"https:\/\/support.apple.com\/en-in\/guide\/safari\/sfri11471\/mac\">https:\/\/support.apple.com\/en-in\/guide\/safari\/sfri11471\/mac<\/a><\/p>\n  <p>Firefox: <a target=\"_blank\" rel=\"noopener noreferrer\" href=\"https:\/\/support.mozilla.org\/en-US\/kb\/clear-cookies-and-site-data-firefox?redirectslug=delete-cookies-remove-info-websites-stored&redirectlocale=en-US\">https:\/\/support.mozilla.org\/en-US\/kb\/clear-cookies-and-site-data-firefox?redirectslug=delete-cookies-remove-info-websites-stored&redirectlocale=en-US<\/a><\/p>\n  <p>Internet Explorer: <a target=\"_blank\" rel=\"noopener noreferrer\" href=\"https:\/\/support.microsoft.com\/en-us\/topic\/how-to-delete-cookie-files-in-internet-explorer-bca9446f-d873-78de-77ba-d42645fa52fc\">https:\/\/support.microsoft.com\/en-us\/topic\/how-to-delete-cookie-files-in-internet-explorer-bca9446f-d873-78de-77ba-d42645fa52fc<\/a><\/p>\n  <p>Farkl\u0131 bir web taray\u0131c\u0131s\u0131 kullan\u0131yorsan\u0131z, l\u00fctfen resmi destek belgelerine bak\u0131n.<\/p>\n<\/div>&nbsp;<p class=\"cookie-policy-p\"> Taraf\u0131ndan olu\u015fturulan \u00c7erez Politikas\u0131 <a target=\"_blank\" rel=\"noopener noreferrer\" href=\"https:\/\/www.cookieyes.com\/?utm_source=CP&utm_medium=footer&utm_campaign=UW\">CookieYes - \u00c7erez Politikas\u0131 Olu\u015fturucu<\/a><\/p>\n<!-- End CookieYes cookie policy -->\t\t\t\t<\/div>\n\t\t\t\t\t<\/div>\n\t\t\t\t<\/div>\n\t\t\t\t<\/div>","protected":false},"excerpt":{"rendered":"<p>Cookie Policy Effective date: January 27, 2026 Last updated: January 27, 2026 &nbsp; What are cookies? This Cookie Policy explains what cookies are, how we use them, the types of cookies we use (i.e., the information we collect using cookies and how that information is used), and how to manage your cookie settings. Cookies are [&hellip;]<\/p>\n","protected":false},"author":1,"featured_media":0,"parent":0,"menu_order":0,"comment_status":"closed","ping_status":"closed","template":"elementor_header_footer","meta":{"inline_featured_image":false,"footnotes":""},"class_list":["post-1301","page","type-page","status-publish","hentry"],"yoast_head":"<!-- This site is optimized with the Yoast SEO Premium plugin v27.4 (Yoast SEO v27.4) - https:\/\/yoast.com\/product\/yoast-seo-premium-wordpress\/ -->\n<title>Cookies - Atlas-Machinery<\/title>\n<meta name=\"robots\" content=\"index, follow, max-snippet:-1, max-image-preview:large, max-video-preview:-1\" \/>\n<link rel=\"canonical\" href=\"https:\/\/atlas-machinery.eu\/tr\/cookies\/\" \/>\n<meta property=\"og:locale\" content=\"tr_TR\" \/>\n<meta property=\"og:type\" content=\"article\" \/>\n<meta property=\"og:title\" content=\"Cookies\" \/>\n<meta property=\"og:description\" content=\"Cookie Policy Effective date: January 27, 2026 Last updated: January 27, 2026 &nbsp; What are cookies? This Cookie Policy explains what cookies are, how we use them, the types of cookies we use (i.e., the information we collect using cookies and how that information is used), and how to manage your cookie settings. Cookies are [&hellip;]\" \/>\n<meta property=\"og:url\" content=\"https:\/\/atlas-machinery.eu\/tr\/cookies\/\" \/>\n<meta property=\"og:site_name\" content=\"Atlas-Machinery\" \/>\n<meta property=\"article:modified_time\" content=\"2026-01-27T12:21:01+00:00\" \/>\n<meta name=\"twitter:card\" content=\"summary_large_image\" \/>\n<meta name=\"twitter:label1\" content=\"Tahmini okuma s\u00fcresi\" \/>\n\t<meta name=\"twitter:data1\" content=\"2 dakika\" \/>\n<script type=\"application\/ld+json\" class=\"yoast-schema-graph\">{\"@context\":\"https:\\\/\\\/schema.org\",\"@graph\":[{\"@type\":\"WebPage\",\"@id\":\"https:\\\/\\\/atlas-machinery.eu\\\/cookies\\\/\",\"url\":\"https:\\\/\\\/atlas-machinery.eu\\\/cookies\\\/\",\"name\":\"Cookies - Atlas-Machinery\",\"isPartOf\":{\"@id\":\"https:\\\/\\\/atlas-machinery.eu\\\/#website\"},\"datePublished\":\"2026-01-27T12:04:36+00:00\",\"dateModified\":\"2026-01-27T12:21:01+00:00\",\"breadcrumb\":{\"@id\":\"https:\\\/\\\/atlas-machinery.eu\\\/cookies\\\/#breadcrumb\"},\"inLanguage\":\"tr\",\"potentialAction\":[{\"@type\":\"ReadAction\",\"target\":[\"https:\\\/\\\/atlas-machinery.eu\\\/cookies\\\/\"]}]},{\"@type\":\"BreadcrumbList\",\"@id\":\"https:\\\/\\\/atlas-machinery.eu\\\/cookies\\\/#breadcrumb\",\"itemListElement\":[{\"@type\":\"ListItem\",\"position\":1,\"name\":\"Kezd\u0151lap\",\"item\":\"https:\\\/\\\/atlas-machinery.eu\\\/\"},{\"@type\":\"ListItem\",\"position\":2,\"name\":\"Cookies\"}]},{\"@type\":\"WebSite\",\"@id\":\"https:\\\/\\\/atlas-machinery.eu\\\/#website\",\"url\":\"https:\\\/\\\/atlas-machinery.eu\\\/\",\"name\":\"Atlas-Machinery\",\"description\":\"Industrial Dismantling Experts\",\"publisher\":{\"@id\":\"https:\\\/\\\/atlas-machinery.eu\\\/#organization\"},\"potentialAction\":[{\"@type\":\"SearchAction\",\"target\":{\"@type\":\"EntryPoint\",\"urlTemplate\":\"https:\\\/\\\/atlas-machinery.eu\\\/?s={search_term_string}\"},\"query-input\":{\"@type\":\"PropertyValueSpecification\",\"valueRequired\":true,\"valueName\":\"search_term_string\"}}],\"inLanguage\":\"tr\"},{\"@type\":\"Organization\",\"@id\":\"https:\\\/\\\/atlas-machinery.eu\\\/#organization\",\"name\":\"Atlas-Machinery\",\"url\":\"https:\\\/\\\/atlas-machinery.eu\\\/\",\"logo\":{\"@type\":\"ImageObject\",\"inLanguage\":\"tr\",\"@id\":\"https:\\\/\\\/atlas-machinery.eu\\\/#\\\/schema\\\/logo\\\/image\\\/\",\"url\":\"https:\\\/\\\/atlas-machinery.eu\\\/wp-content\\\/uploads\\\/2026\\\/01\\\/logo.svg\",\"contentUrl\":\"https:\\\/\\\/atlas-machinery.eu\\\/wp-content\\\/uploads\\\/2026\\\/01\\\/logo.svg\",\"width\":100,\"height\":100,\"caption\":\"Atlas-Machinery\"},\"image\":{\"@id\":\"https:\\\/\\\/atlas-machinery.eu\\\/#\\\/schema\\\/logo\\\/image\\\/\"}}]}<\/script>\n<!-- \/ Yoast SEO Premium plugin. -->","yoast_head_json":{"title":"Cookies - Atlas-Machinery","robots":{"index":"index","follow":"follow","max-snippet":"max-snippet:-1","max-image-preview":"max-image-preview:large","max-video-preview":"max-video-preview:-1"},"canonical":"https:\/\/atlas-machinery.eu\/tr\/cookies\/","og_locale":"tr_TR","og_type":"article","og_title":"Cookies","og_description":"Cookie Policy Effective date: January 27, 2026 Last updated: January 27, 2026 &nbsp; What are cookies? This Cookie Policy explains what cookies are, how we use them, the types of cookies we use (i.e., the information we collect using cookies and how that information is used), and how to manage your cookie settings. Cookies are [&hellip;]","og_url":"https:\/\/atlas-machinery.eu\/tr\/cookies\/","og_site_name":"Atlas-Machinery","article_modified_time":"2026-01-27T12:21:01+00:00","twitter_card":"summary_large_image","twitter_misc":{"Tahmini okuma s\u00fcresi":"2 dakika"},"schema":{"@context":"https:\/\/schema.org","@graph":[{"@type":"WebPage","@id":"https:\/\/atlas-machinery.eu\/cookies\/","url":"https:\/\/atlas-machinery.eu\/cookies\/","name":"Cookies - Atlas-Machinery","isPartOf":{"@id":"https:\/\/atlas-machinery.eu\/#website"},"datePublished":"2026-01-27T12:04:36+00:00","dateModified":"2026-01-27T12:21:01+00:00","breadcrumb":{"@id":"https:\/\/atlas-machinery.eu\/cookies\/#breadcrumb"},"inLanguage":"tr","potentialAction":[{"@type":"ReadAction","target":["https:\/\/atlas-machinery.eu\/cookies\/"]}]},{"@type":"BreadcrumbList","@id":"https:\/\/atlas-machinery.eu\/cookies\/#breadcrumb","itemListElement":[{"@type":"ListItem","position":1,"name":"Kezd\u0151lap","item":"https:\/\/atlas-machinery.eu\/"},{"@type":"ListItem","position":2,"name":"Cookies"}]},{"@type":"WebSite","@id":"https:\/\/atlas-machinery.eu\/#website","url":"https:\/\/atlas-machinery.eu\/","name":"Atlas-Machinery","description":"Industrial Dismantling Experts","publisher":{"@id":"https:\/\/atlas-machinery.eu\/#organization"},"potentialAction":[{"@type":"SearchAction","target":{"@type":"EntryPoint","urlTemplate":"https:\/\/atlas-machinery.eu\/?s={search_term_string}"},"query-input":{"@type":"PropertyValueSpecification","valueRequired":true,"valueName":"search_term_string"}}],"inLanguage":"tr"},{"@type":"Organization","@id":"https:\/\/atlas-machinery.eu\/#organization","name":"Atlas-Machinery","url":"https:\/\/atlas-machinery.eu\/","logo":{"@type":"ImageObject","inLanguage":"tr","@id":"https:\/\/atlas-machinery.eu\/#\/schema\/logo\/image\/","url":"https:\/\/atlas-machinery.eu\/wp-content\/uploads\/2026\/01\/logo.svg","contentUrl":"https:\/\/atlas-machinery.eu\/wp-content\/uploads\/2026\/01\/logo.svg","width":100,"height":100,"caption":"Atlas-Machinery"},"image":{"@id":"https:\/\/atlas-machinery.eu\/#\/schema\/logo\/image\/"}}]}},"_links":{"self":[{"href":"https:\/\/atlas-machinery.eu\/tr\/wp-json\/wp\/v2\/pages\/1301","targetHints":{"allow":["GET"]}}],"collection":[{"href":"https:\/\/atlas-machinery.eu\/tr\/wp-json\/wp\/v2\/pages"}],"about":[{"href":"https:\/\/atlas-machinery.eu\/tr\/wp-json\/wp\/v2\/types\/page"}],"author":[{"embeddable":true,"href":"https:\/\/atlas-machinery.eu\/tr\/wp-json\/wp\/v2\/users\/1"}],"replies":[{"embeddable":true,"href":"https:\/\/atlas-machinery.eu\/tr\/wp-json\/wp\/v2\/comments?post=1301"}],"version-history":[{"count":4,"href":"https:\/\/atlas-machinery.eu\/tr\/wp-json\/wp\/v2\/pages\/1301\/revisions"}],"predecessor-version":[{"id":1316,"href":"https:\/\/atlas-machinery.eu\/tr\/wp-json\/wp\/v2\/pages\/1301\/revisions\/1316"}],"wp:attachment":[{"href":"https:\/\/atlas-machinery.eu\/tr\/wp-json\/wp\/v2\/media?parent=1301"}],"curies":[{"name":"wp","href":"https:\/\/api.w.org\/{rel}","templated":true}]}}