{"id":1303,"date":"2026-01-27T12:05:38","date_gmt":"2026-01-27T12:05:38","guid":{"rendered":"https:\/\/atlas-machinery.eu\/?page_id=1303"},"modified":"2026-01-27T12:08:38","modified_gmt":"2026-01-27T12:08:38","slug":"privacy-policy","status":"publish","type":"page","link":"https:\/\/atlas-machinery.eu\/fr\/privacy-policy\/","title":{"rendered":"Politique de confidentialit\u00e9"},"content":{"rendered":"<div data-elementor-type=\"wp-page\" data-elementor-id=\"1303\" class=\"elementor elementor-1303\" data-elementor-post-type=\"page\">\n\t\t\t\t<div class=\"elementor-element elementor-element-695dcbb e-flex e-con-boxed e-con e-parent\" data-id=\"695dcbb\" data-element_type=\"container\" data-e-type=\"container\">\n\t\t\t\t\t<div class=\"e-con-inner\">\n\t\t\t\t<div class=\"elementor-element elementor-element-2494171 elementor-widget elementor-widget-html\" data-id=\"2494171\" data-element_type=\"widget\" data-e-type=\"widget\" data-widget_type=\"html.default\">\n\t\t\t\t\t<h1 class=\"privacy-policy-h1\">Politique de confidentialit\u00e9\n<br><span>Derni\u00e8re mise \u00e0 jour le 27-Jan-2026<\/span>\n<br><span>Date d'entr\u00e9e en vigueur 27-Jan-2026<\/span>\n<\/h1>\n\n<p class=\"privacy-policy-p\">\n    La pr\u00e9sente politique de confidentialit\u00e9 d\u00e9crit les politiques de\n\n    Atlas Machinery,\n    1103-11871 Horseshoe Way, 2e \u00e9tage,\n    Colombie-Britannique\n    V7A 5H5,\n    Canada,\n    courriel : info@atlas-machinery.eu,\n    t\u00e9l\u00e9phone : +36 70 423 1549\n\n    sur la collecte, l'utilisation et la divulgation des informations que nous recueillons,\n    l'utilisation et la divulgation des informations que nous recueillons\n    lorsque vous utilisez notre site web ( https:\/\/atlas-machinery.eu ).\n    (le \u201cservice\u201d). En acc\u00e9dant ou en utilisant\n    service, vous consentez \u00e0 la collecte, \u00e0 l'utilisation et \u00e0 la divulgation des informations vous concernant.\n    service, vous consentez \u00e0 la collecte, \u00e0 l'utilisation et \u00e0 la divulgation de vos informations conform\u00e9ment aux pr\u00e9sentes dispositions.\n    la collecte, l'utilisation et la divulgation de vos informations conform\u00e9ment \u00e0 la pr\u00e9sente politique de confidentialit\u00e9.\n    politique de confidentialit\u00e9. Si vous n'y consentez pas, veuillez ne pas acc\u00e9der au service ni l'utiliser,\n    veuillez ne pas acc\u00e9der au service ni l'utiliser.\n<\/p>\n\n<p class=\"privacy-policy-p\">\n    Nous pouvons modifier la pr\u00e9sente politique de confidentialit\u00e9 \u00e0 tout moment sans pr\u00e9avis.\n    sans pr\u00e9avis et publierons la version r\u00e9vis\u00e9e de la politique de\n    Politique de confidentialit\u00e9 r\u00e9vis\u00e9e sur le Service. La politique r\u00e9vis\u00e9e\n    sera effective 180 jours apr\u00e8s la publication de la\n    de la publication de la politique r\u00e9vis\u00e9e sur le service et votre\n    l'acc\u00e8s ou l'utilisation du service apr\u00e8s cette date\n    service apr\u00e8s cette date vaudra acceptation de la politique de confidentialit\u00e9 r\u00e9vis\u00e9e.\n    r\u00e9vis\u00e9e. Nous vous recommandons donc de consulter r\u00e9guli\u00e8rement cette page.\n    p\u00e9riodiquement cette page.\n<\/p>\n\n<ol class=\"privacy-policy-ol\">\n        <li>\n        <h2 class=\"privacy-policy-h2\">\n            Les informations que nous recueillons :\n        <\/h2>\n\n        \n        <p class=\"privacy-policy-p\">\n            Nous collecterons et traiterons les informations suivantes\n            des informations personnelles vous concernant :\n        <\/p>\n        <ol class=\"privacy-policy-ol\">\n\n                        <li>Nom<\/li>\n            \n                        <li>Courriel<\/li>\n            \n                        <li>Mobile<\/li>\n            \n            \n            \n            \n                        <li>Adresse professionnelle<\/li>\n            \n                        \n                                    <li>Nom de l'entreprise<\/li>\n                        \n        <\/ol>\n        \n\n        \n\n    <\/li>\n\n    \n    \n\n        <li>\n        <h2 class=\"privacy-policy-h2\">\n            Comment nous utilisons vos informations :\n        <\/h2>\n        <p class=\"privacy-policy-p\">\n            Nous utiliserons les informations que nous recueillons\n            \u00e0 votre sujet aux fins suivantes :\n        <\/p>\n        <ol class=\"privacy-policy-ol\">\n\n                        <li>Marketing\/ Promotion<\/li>\n            \n            \n            \n                        <li>Collecte des commentaires des clients<\/li>\n            \n            \n            \n                        <li>Soutien<\/li>\n            \n                        <li>Informations sur l'administration<\/li>\n            \n                        <li>Publicit\u00e9 cibl\u00e9e<\/li>\n            \n            \n            \n            \n            \n            \n        <\/ol>\n        <p class=\"privacy-policy-p\">\n            Si nous voulons utiliser vos informations \u00e0 d'autres fins, nous vous demanderons votre consentement.\n            nous vous demanderons votre consentement et n'utiliserons vos\n            n'utiliserons vos informations qu'apr\u00e8s avoir re\u00e7u votre\n            consentement et, dans ce cas, uniquement dans le(s) but(s) pour\n            pour lesquelles vous avez donn\u00e9 votre consentement, \u00e0 moins que la loi ne nous oblige \u00e0 faire autrement.\n            autrement par la loi.\n        <\/p>\n    <\/li>\n    \n    \n    <li>\n        <h2 class=\"privacy-policy-h2\">\n            Comment nous partageons vos informations :\n        <\/h2>\n\n\n                <p class=\"privacy-policy-p\">\n            Nous ne transf\u00e9rerons pas vos informations personnelles\n            \u00e0 un tiers sans demander votre consentement,\n            sauf dans les circonstances limit\u00e9es d\u00e9crites\n            d\u00e9crites ci-dessous :\n        <\/p>\n        <ol class=\"privacy-policy-ol\">\n            \n            \n            \n            \n                        <li>Analyse<\/li>\n            \n            \n                    <\/ol>\n        \n        <p class=\"privacy-policy-p\">\n            Nous exigeons de ces tiers qu'ils n'utilisent les\n            informations personnelles que nous leur transmettons\n            aux fins pour lesquelles elles ont \u00e9t\u00e9 transf\u00e9r\u00e9es et\n            de ne pas les conserver plus longtemps qu'il n'est n\u00e9cessaire pour\n            l'accomplissement de ladite finalit\u00e9.\n        <\/p>\n        <p class=\"privacy-policy-p\">\n            Nous pouvons \u00e9galement divulguer vos informations personnelles\n            pour les raisons suivantes (1) pour se conformer \u00e0 la loi\n            \u00e0 la loi, \u00e0 la r\u00e9glementation, \u00e0 l'ordonnance d'un tribunal ou \u00e0 toute autre proc\u00e9dure l\u00e9gale ; (2) pour faire respecter les accords conclus avec nous\n            (2) pour faire respecter les accords que vous avez conclus avec nous, y compris la pr\u00e9sente politique de confidentialit\u00e9 ; ou\n            y compris la pr\u00e9sente politique de confidentialit\u00e9 ; ou (3) pour r\u00e9pondre\n            r\u00e9pondre \u00e0 des r\u00e9clamations selon lesquelles votre utilisation du service violerait\n            les droits d'un tiers. Si le service ou notre\n            soci\u00e9t\u00e9 est fusionn\u00e9e ou acquise par une autre\n            soci\u00e9t\u00e9, vos informations seront l'un des\n            actifs transf\u00e9r\u00e9s au nouveau propri\u00e9taire.\n        <\/p>\n    <\/li>\n    \n\n        <li>\n        <h2 class=\"privacy-policy-h2\">\n            Conservation de vos informations :\n        <\/h2>\n        <p class=\"privacy-policy-p\">\n            Nous conserverons vos donn\u00e9es personnelles\n            de 90 jours \u00e0 2 ans apr\u00e8s la r\u00e9siliation du compte par l'utilisateur.\n                        90 jours \u00e0 2 ans apr\u00e8s que les utilisateurs ont r\u00e9sili\u00e9 leur compte\n                        ou aussi longtemps que\n            aussi longtemps que nous en aurons besoin pour atteindre les\n            pour lesquelles elles ont \u00e9t\u00e9 collect\u00e9es, comme indiqu\u00e9 dans la pr\u00e9sente\n            politique de confidentialit\u00e9. Nous pouvons \u00eatre amen\u00e9s \u00e0 conserver certaines\n            informations pour des p\u00e9riodes plus longues, par exemple\n            l'archivage \/ la production de rapports conform\u00e9ment \u00e0\n            la loi applicable ou pour d'autres raisons l\u00e9gitimes\n            comme l'application des droits l\u00e9gaux, la pr\u00e9vention de la fraude, etc.\n            la pr\u00e9vention de la fraude, etc. Informations anonymes r\u00e9siduelles\n            et des informations agr\u00e9g\u00e9es, dont aucune ne vous identifie (directement ou indirectement), peuvent \u00eatre\n            vous identifie (directement ou indirectement), peuvent \u00eatre stock\u00e9es ind\u00e9finiment.\n            \u00eatre stock\u00e9es ind\u00e9finiment.\n        <\/p>\n    <\/li>\n    \n    <li>\n        <h2 class=\"privacy-policy-h2\">\n            Vos droits :\n        <\/h2>\n        <p class=\"privacy-policy-p\">\n            En fonction de la loi applicable, vous pouvez avoir\n            un droit d'acc\u00e8s et de rectification ou d'effacement de vos\n            donn\u00e9es \u00e0 caract\u00e8re personnel ou d'en recevoir une copie, de\n            de restreindre ou de vous opposer au traitement actif de vos donn\u00e9es, de nous demander de partager (portage) vos donn\u00e9es personnelles.\n            traitement actif de vos donn\u00e9es, de nous demander de partager (portage)\n            de partager (portage) vos donn\u00e9es \u00e0 caract\u00e8re personnel avec une autre entit\u00e9\n            retirer tout consentement que vous nous avez donn\u00e9 pour\n            traitement de vos donn\u00e9es, le droit d'introduire une r\u00e9clamation\n            aupr\u00e8s d'une autorit\u00e9 statutaire et tout autre droit\n            et tout autre droit pertinent en vertu des lois applicables. Pour exercer ces droits, vous pouvez \u00e9crire \u00e0\n            exercer ces droits, vous pouvez nous \u00e9crire \u00e0 l'adresse suivante\n            info@atlas-machinery.eu.\n            Nous r\u00e9pondrons \u00e0 votre\n            \u00e0 votre demande conform\u00e9ment \u00e0 la loi applicable.\n        <\/p>\n\n                <p class=\"privacy-policy-p\">\n            Vous pouvez refuser les communications de marketing direct\n            ou du profilage que nous effectuons \u00e0 des fins\n            \u00e0 des fins de marketing en nous \u00e9crivant \u00e0 l'adresse suivante\n            info@atlas-machinery.eu.\n        <\/p>\n        \n        <p class=\"privacy-policy-p\">\n            Veuillez noter que si vous ne nous autorisez pas \u00e0 collecter\n            ou de traiter les informations personnelles requises ou\n            retirer le consentement au traitement de ces informations aux fins requises, vous ne pourrez pas acc\u00e9der \u00e0 vos donn\u00e9es personnelles.\n            aux fins requises, il se peut que vous ne puissiez pas acc\u00e9der\n            ou d'utiliser les services pour lesquels vos informations\n            ont \u00e9t\u00e9 demand\u00e9es.\n        <\/p>\n    <\/li>\n        <li>\n        <h2 class=\"privacy-policy-h2\">\n            Cookies Etc.\n        <\/h2>\n        <p class=\"privacy-policy-p\">\n\n            \n            Pour en savoir plus sur la fa\u00e7on dont nous utilisons ces\n            et les choix qui s'offrent \u00e0 vous en ce qui concerne ces\n            technologies de suivi, veuillez vous r\u00e9f\u00e9rer \u00e0 notre\n            <a href=\"https:\/\/atlas-machinery.eu\/fr\/cookies\/\">Politique en mati\u00e8re de cookies.<\/a>\n        <\/p>\n    <\/li>\n    \n    <li>\n        <h2 class=\"privacy-policy-h2\">\n            La s\u00e9curit\u00e9 :\n        <\/h2>\n        <p class=\"privacy-policy-p\">\n            La s\u00e9curit\u00e9 de vos informations est importante pour nous.\n            et nous utiliserons des mesures de s\u00e9curit\u00e9 raisonnables\n            pour emp\u00eacher la perte, l'utilisation abusive ou la\n            modification non autoris\u00e9e des informations\n            sous notre contr\u00f4le. Toutefois, compte tenu des risques inh\u00e9rents, nous\n            ne pouvons pas garantir une s\u00e9curit\u00e9 absolue et\n            et, par cons\u00e9quent, nous ne pouvons pas assurer ou garantir la s\u00e9curit\u00e9 des informations que vous nous transmettez.\n            la s\u00e9curit\u00e9 des informations que vous nous transmettez\n            et vous le faites \u00e0 vos propres risques.\n        <\/p>\n    <\/li>\n\n    \n    <li>\n        <h2 class=\"privacy-policy-h2\">\n            D\u00e9l\u00e9gu\u00e9 aux plaintes et \u00e0 la protection des donn\u00e9es :\n        <\/h2>\n        <p class=\"privacy-policy-p\">\n            Si vous avez des questions ou des pr\u00e9occupations concernant le\n            traitement de vos informations disponibles chez nous\n            disponibles chez nous, vous pouvez envoyer un courriel \u00e0 notre responsable des griefs \u00e0 l'adresse suivante\n            Atlas Machinery,\n            1103-11871 Horseshoe Way, 2e \u00e9tage,\n            Courriel : info@atlas-machinery.eu.\n            Nous r\u00e9pondrons \u00e0 vos pr\u00e9occupations conform\u00e9ment \u00e0 la loi applicable.\n        <\/p>\n    <\/li>\n<\/ol>\n<p class=\"privacy-policy-p\">\n    Politique de confidentialit\u00e9 g\u00e9n\u00e9r\u00e9e avec  <a target=\"_blank\" href=\"https:\/\/www.cookieyes.com\/?utm_source=PP&utm_medium=footer&utm_campaign=UW\">CookieOui<\/a>.\n<\/p>\t\t\t\t<\/div>\n\t\t\t\t\t<\/div>\n\t\t\t\t<\/div>\n\t\t\t\t<\/div>","protected":false},"excerpt":{"rendered":"<p>Privacy Policy Last Updated On 27-Jan-2026 Effective Date 27-Jan-2026 This Privacy Policy describes the policies of Atlas Machinery, 1103\u201311871 Horseshoe Way, 2nd Floor, British Columbia V7A 5H5, Canada, email: info@atlas-machinery.eu, phone: +36 70 423 1549 on the collection, use and disclosure of your information that we collect when you use our website ( https:\/\/atlas-machinery.eu ). [&hellip;]<\/p>\n","protected":false},"author":1,"featured_media":0,"parent":0,"menu_order":0,"comment_status":"closed","ping_status":"closed","template":"elementor_header_footer","meta":{"inline_featured_image":false,"footnotes":""},"class_list":["post-1303","page","type-page","status-publish","hentry"],"yoast_head":"<!-- This site is optimized with the Yoast SEO Premium plugin v27.4 (Yoast SEO v27.4) - https:\/\/yoast.com\/product\/yoast-seo-premium-wordpress\/ -->\n<title>Privacy Policy - Atlas-Machinery<\/title>\n<meta name=\"robots\" content=\"index, follow, max-snippet:-1, max-image-preview:large, max-video-preview:-1\" \/>\n<link rel=\"canonical\" href=\"https:\/\/atlas-machinery.eu\/fr\/privacy-policy\/\" \/>\n<meta property=\"og:locale\" content=\"fr_FR\" \/>\n<meta property=\"og:type\" content=\"article\" \/>\n<meta property=\"og:title\" content=\"Privacy Policy\" \/>\n<meta property=\"og:description\" content=\"Privacy Policy Last Updated On 27-Jan-2026 Effective Date 27-Jan-2026 This Privacy Policy describes the policies of Atlas Machinery, 1103\u201311871 Horseshoe Way, 2nd Floor, British Columbia V7A 5H5, Canada, email: info@atlas-machinery.eu, phone: +36 70 423 1549 on the collection, use and disclosure of your information that we collect when you use our website ( https:\/\/atlas-machinery.eu ). [&hellip;]\" \/>\n<meta property=\"og:url\" content=\"https:\/\/atlas-machinery.eu\/fr\/privacy-policy\/\" \/>\n<meta property=\"og:site_name\" content=\"Atlas-Machinery\" \/>\n<meta property=\"article:modified_time\" content=\"2026-01-27T12:08:38+00:00\" \/>\n<meta name=\"twitter:card\" content=\"summary_large_image\" \/>\n<meta name=\"twitter:label1\" content=\"Dur\u00e9e de lecture estim\u00e9e\" \/>\n\t<meta name=\"twitter:data1\" content=\"4 minutes\" \/>\n<script type=\"application\/ld+json\" class=\"yoast-schema-graph\">{\"@context\":\"https:\\\/\\\/schema.org\",\"@graph\":[{\"@type\":\"WebPage\",\"@id\":\"https:\\\/\\\/atlas-machinery.eu\\\/privacy-policy\\\/\",\"url\":\"https:\\\/\\\/atlas-machinery.eu\\\/privacy-policy\\\/\",\"name\":\"Privacy Policy - Atlas-Machinery\",\"isPartOf\":{\"@id\":\"https:\\\/\\\/atlas-machinery.eu\\\/#website\"},\"datePublished\":\"2026-01-27T12:05:38+00:00\",\"dateModified\":\"2026-01-27T12:08:38+00:00\",\"breadcrumb\":{\"@id\":\"https:\\\/\\\/atlas-machinery.eu\\\/privacy-policy\\\/#breadcrumb\"},\"inLanguage\":\"fr-FR\",\"potentialAction\":[{\"@type\":\"ReadAction\",\"target\":[\"https:\\\/\\\/atlas-machinery.eu\\\/privacy-policy\\\/\"]}]},{\"@type\":\"BreadcrumbList\",\"@id\":\"https:\\\/\\\/atlas-machinery.eu\\\/privacy-policy\\\/#breadcrumb\",\"itemListElement\":[{\"@type\":\"ListItem\",\"position\":1,\"name\":\"Kezd\u0151lap\",\"item\":\"https:\\\/\\\/atlas-machinery.eu\\\/\"},{\"@type\":\"ListItem\",\"position\":2,\"name\":\"Privacy Policy\"}]},{\"@type\":\"WebSite\",\"@id\":\"https:\\\/\\\/atlas-machinery.eu\\\/#website\",\"url\":\"https:\\\/\\\/atlas-machinery.eu\\\/\",\"name\":\"Atlas-Machinery\",\"description\":\"Industrial Dismantling Experts\",\"publisher\":{\"@id\":\"https:\\\/\\\/atlas-machinery.eu\\\/#organization\"},\"potentialAction\":[{\"@type\":\"SearchAction\",\"target\":{\"@type\":\"EntryPoint\",\"urlTemplate\":\"https:\\\/\\\/atlas-machinery.eu\\\/?s={search_term_string}\"},\"query-input\":{\"@type\":\"PropertyValueSpecification\",\"valueRequired\":true,\"valueName\":\"search_term_string\"}}],\"inLanguage\":\"fr-FR\"},{\"@type\":\"Organization\",\"@id\":\"https:\\\/\\\/atlas-machinery.eu\\\/#organization\",\"name\":\"Atlas-Machinery\",\"url\":\"https:\\\/\\\/atlas-machinery.eu\\\/\",\"logo\":{\"@type\":\"ImageObject\",\"inLanguage\":\"fr-FR\",\"@id\":\"https:\\\/\\\/atlas-machinery.eu\\\/#\\\/schema\\\/logo\\\/image\\\/\",\"url\":\"https:\\\/\\\/atlas-machinery.eu\\\/wp-content\\\/uploads\\\/2026\\\/01\\\/logo.svg\",\"contentUrl\":\"https:\\\/\\\/atlas-machinery.eu\\\/wp-content\\\/uploads\\\/2026\\\/01\\\/logo.svg\",\"width\":100,\"height\":100,\"caption\":\"Atlas-Machinery\"},\"image\":{\"@id\":\"https:\\\/\\\/atlas-machinery.eu\\\/#\\\/schema\\\/logo\\\/image\\\/\"}}]}<\/script>\n<!-- \/ Yoast SEO Premium plugin. -->","yoast_head_json":{"title":"Privacy Policy - Atlas-Machinery","robots":{"index":"index","follow":"follow","max-snippet":"max-snippet:-1","max-image-preview":"max-image-preview:large","max-video-preview":"max-video-preview:-1"},"canonical":"https:\/\/atlas-machinery.eu\/fr\/privacy-policy\/","og_locale":"fr_FR","og_type":"article","og_title":"Privacy Policy","og_description":"Privacy Policy Last Updated On 27-Jan-2026 Effective Date 27-Jan-2026 This Privacy Policy describes the policies of Atlas Machinery, 1103\u201311871 Horseshoe Way, 2nd Floor, British Columbia V7A 5H5, Canada, email: info@atlas-machinery.eu, phone: +36 70 423 1549 on the collection, use and disclosure of your information that we collect when you use our website ( https:\/\/atlas-machinery.eu ). [&hellip;]","og_url":"https:\/\/atlas-machinery.eu\/fr\/privacy-policy\/","og_site_name":"Atlas-Machinery","article_modified_time":"2026-01-27T12:08:38+00:00","twitter_card":"summary_large_image","twitter_misc":{"Dur\u00e9e de lecture estim\u00e9e":"4 minutes"},"schema":{"@context":"https:\/\/schema.org","@graph":[{"@type":"WebPage","@id":"https:\/\/atlas-machinery.eu\/privacy-policy\/","url":"https:\/\/atlas-machinery.eu\/privacy-policy\/","name":"Privacy Policy - Atlas-Machinery","isPartOf":{"@id":"https:\/\/atlas-machinery.eu\/#website"},"datePublished":"2026-01-27T12:05:38+00:00","dateModified":"2026-01-27T12:08:38+00:00","breadcrumb":{"@id":"https:\/\/atlas-machinery.eu\/privacy-policy\/#breadcrumb"},"inLanguage":"fr-FR","potentialAction":[{"@type":"ReadAction","target":["https:\/\/atlas-machinery.eu\/privacy-policy\/"]}]},{"@type":"BreadcrumbList","@id":"https:\/\/atlas-machinery.eu\/privacy-policy\/#breadcrumb","itemListElement":[{"@type":"ListItem","position":1,"name":"Kezd\u0151lap","item":"https:\/\/atlas-machinery.eu\/"},{"@type":"ListItem","position":2,"name":"Privacy Policy"}]},{"@type":"WebSite","@id":"https:\/\/atlas-machinery.eu\/#website","url":"https:\/\/atlas-machinery.eu\/","name":"Atlas-Machinery","description":"Industrial Dismantling Experts","publisher":{"@id":"https:\/\/atlas-machinery.eu\/#organization"},"potentialAction":[{"@type":"SearchAction","target":{"@type":"EntryPoint","urlTemplate":"https:\/\/atlas-machinery.eu\/?s={search_term_string}"},"query-input":{"@type":"PropertyValueSpecification","valueRequired":true,"valueName":"search_term_string"}}],"inLanguage":"fr-FR"},{"@type":"Organization","@id":"https:\/\/atlas-machinery.eu\/#organization","name":"Atlas-Machinery","url":"https:\/\/atlas-machinery.eu\/","logo":{"@type":"ImageObject","inLanguage":"fr-FR","@id":"https:\/\/atlas-machinery.eu\/#\/schema\/logo\/image\/","url":"https:\/\/atlas-machinery.eu\/wp-content\/uploads\/2026\/01\/logo.svg","contentUrl":"https:\/\/atlas-machinery.eu\/wp-content\/uploads\/2026\/01\/logo.svg","width":100,"height":100,"caption":"Atlas-Machinery"},"image":{"@id":"https:\/\/atlas-machinery.eu\/#\/schema\/logo\/image\/"}}]}},"_links":{"self":[{"href":"https:\/\/atlas-machinery.eu\/fr\/wp-json\/wp\/v2\/pages\/1303","targetHints":{"allow":["GET"]}}],"collection":[{"href":"https:\/\/atlas-machinery.eu\/fr\/wp-json\/wp\/v2\/pages"}],"about":[{"href":"https:\/\/atlas-machinery.eu\/fr\/wp-json\/wp\/v2\/types\/page"}],"author":[{"embeddable":true,"href":"https:\/\/atlas-machinery.eu\/fr\/wp-json\/wp\/v2\/users\/1"}],"replies":[{"embeddable":true,"href":"https:\/\/atlas-machinery.eu\/fr\/wp-json\/wp\/v2\/comments?post=1303"}],"version-history":[{"count":10,"href":"https:\/\/atlas-machinery.eu\/fr\/wp-json\/wp\/v2\/pages\/1303\/revisions"}],"predecessor-version":[{"id":1313,"href":"https:\/\/atlas-machinery.eu\/fr\/wp-json\/wp\/v2\/pages\/1303\/revisions\/1313"}],"wp:attachment":[{"href":"https:\/\/atlas-machinery.eu\/fr\/wp-json\/wp\/v2\/media?parent=1303"}],"curies":[{"name":"wp","href":"https:\/\/api.w.org\/{rel}","templated":true}]}}