{"id":1301,"date":"2026-01-27T12:04:36","date_gmt":"2026-01-27T12:04:36","guid":{"rendered":"https:\/\/atlas-machinery.eu\/?page_id=1301"},"modified":"2026-01-27T12:21:01","modified_gmt":"2026-01-27T12:21:01","slug":"cookies","status":"publish","type":"page","link":"https:\/\/atlas-machinery.eu\/fr\/cookies\/","title":{"rendered":"Cookies"},"content":{"rendered":"<div data-elementor-type=\"wp-page\" data-elementor-id=\"1301\" class=\"elementor elementor-1301\" data-elementor-post-type=\"page\">\n\t\t\t\t<div class=\"elementor-element elementor-element-d3657c1 e-flex e-con-boxed e-con e-parent\" data-id=\"d3657c1\" data-element_type=\"container\" data-e-type=\"container\">\n\t\t\t\t\t<div class=\"e-con-inner\">\n\t\t\t\t<div class=\"elementor-element elementor-element-bd29516 elementor-widget elementor-widget-html\" data-id=\"bd29516\" data-element_type=\"widget\" data-e-type=\"widget\" data-widget_type=\"html.default\">\n\t\t\t\t\t<style>\n  a.cky-banner-element {\n    padding: 8px 30px;\n    background: #f8f9fa;\n    color: #858a8f;\n    border: 1px solid #dee2e6;\n    box-sizing: border-box;\n    border-radius: 2px;\n    cursor: pointer\n  }\n<\/style>\n<h1 class=\"cookie-policy-h1\">Politique en mati\u00e8re de cookies<\/h1>\n<div class=\"cookie-policy-date-container\">\n  <p>Date d'entr\u00e9e en vigueur : 27 janvier 2026<\/p>\n  <p>Derni\u00e8re mise \u00e0 jour : 27 janvier 2026<\/p>\n<\/div>&nbsp;<h2>Qu'est-ce qu'un biscuit ?<\/h2>\n<div class=\"cookie-policy-p\">\n  <p>La pr\u00e9sente politique en mati\u00e8re de cookies explique ce que sont les cookies, comment nous les utilisons, les types de cookies que nous utilisons (c'est-\u00e0-dire les informations que nous collectons \u00e0 l'aide des cookies et la mani\u00e8re dont ces informations sont utilis\u00e9es) et comment g\u00e9rer vos param\u00e8tres de cookies.<\/p>\n  <p>Les cookies sont de petits fichiers texte utilis\u00e9s pour stocker de petits \u00e9l\u00e9ments d'information. Ils sont stock\u00e9s sur votre appareil lorsqu'un site web se charge dans votre navigateur. Ces cookies permettent de garantir le bon fonctionnement du site web, de renforcer la s\u00e9curit\u00e9, d'offrir une meilleure exp\u00e9rience \u00e0 l'utilisateur et d'analyser les performances afin d'identifier ce qui fonctionne et ce qui doit \u00eatre am\u00e9lior\u00e9.<\/p>\n<\/div>&nbsp;<h2>Comment utilisons-nous les cookies ?<\/h2>\n<div class=\"cookie-policy-p\">\n  <p>Comme la plupart des services en ligne, notre site web utilise des cookies de premi\u00e8re partie et de tierce partie \u00e0 diverses fins. Les cookies de premi\u00e8re partie sont principalement n\u00e9cessaires au bon fonctionnement du site web et ne collectent pas de donn\u00e9es personnelles identifiables.<\/p>\n  <p>Les cookies tiers utilis\u00e9s sur notre site web nous aident principalement \u00e0 comprendre comment le site web fonctionne, \u00e0 suivre la fa\u00e7on dont vous interagissez avec lui, \u00e0 assurer la s\u00e9curit\u00e9 de nos services, \u00e0 fournir des publicit\u00e9s pertinentes et \u00e0 am\u00e9liorer votre exp\u00e9rience globale d'utilisateur tout en acc\u00e9l\u00e9rant vos interactions futures avec notre site web.<\/p>\n<\/div>&nbsp;<h2>Types de cookies que nous utilisons<\/h2>\n<div class=\"cky-audit-table-element\"><\/div>&nbsp;<h2 style=\"margin-bottom: 20px\">G\u00e9rer les pr\u00e9f\u00e9rences en mati\u00e8re de cookies<\/h2><a class=\"cky-banner-element\">Pr\u00e9f\u00e9rences en mati\u00e8re de consentement<\/a><br \/>\n<div>\n  <p>Vous pouvez modifier vos param\u00e8tres en mati\u00e8re de cookies \u00e0 tout moment en cliquant sur le bouton 'Pr\u00e9f\u00e9rences de consentement' ci-dessus. Cela vous permettra de revenir sur la banni\u00e8re de consentement aux cookies et de mettre \u00e0 jour vos pr\u00e9f\u00e9rences ou de retirer votre consentement imm\u00e9diatement. <\/p>\n  <p>En outre, les diff\u00e9rents navigateurs proposent diverses m\u00e9thodes pour bloquer et supprimer les cookies utilis\u00e9s par les sites web. Vous pouvez ajuster les param\u00e8tres de votre navigateur pour bloquer ou supprimer les cookies. Vous trouverez ci-dessous des liens vers des documents d'assistance sur la gestion et la suppression des cookies dans les principaux navigateurs web.<\/p>\n  <p>Chrome : <a target=\"_blank\" rel=\"noopener noreferrer\" href=\"https:\/\/support.google.com\/accounts\/answer\/32050\">https:\/\/support.google.com\/accounts\/answer\/32050<\/a><\/p>\n  <p>Safari : <a target=\"_blank\" rel=\"noopener noreferrer\" href=\"https:\/\/support.apple.com\/en-in\/guide\/safari\/sfri11471\/mac\">https:\/\/support.apple.com\/en-in\/guide\/safari\/sfri11471\/mac<\/a><\/p>\n  <p>Firefox : <a target=\"_blank\" rel=\"noopener noreferrer\" href=\"https:\/\/support.mozilla.org\/en-US\/kb\/clear-cookies-and-site-data-firefox?redirectslug=delete-cookies-remove-info-websites-stored&redirectlocale=en-US\">https:\/\/support.mozilla.org\/en-US\/kb\/clear-cookies-and-site-data-firefox?redirectslug=delete-cookies-remove-info-websites-stored&redirectlocale=en-US<\/a><\/p>\n  <p>Internet Explorer : <a target=\"_blank\" rel=\"noopener noreferrer\" href=\"https:\/\/support.microsoft.com\/en-us\/topic\/how-to-delete-cookie-files-in-internet-explorer-bca9446f-d873-78de-77ba-d42645fa52fc\">https:\/\/support.microsoft.com\/en-us\/topic\/how-to-delete-cookie-files-in-internet-explorer-bca9446f-d873-78de-77ba-d42645fa52fc<\/a><\/p>\n  <p>Si vous utilisez un autre navigateur web, veuillez vous r\u00e9f\u00e9rer \u00e0 sa documentation officielle.<\/p>\n<\/div>&nbsp;<p class=\"cookie-policy-p\"> Politique en mati\u00e8re de cookies g\u00e9n\u00e9r\u00e9e par <a target=\"_blank\" rel=\"noopener noreferrer\" href=\"https:\/\/www.cookieyes.com\/?utm_source=CP&utm_medium=footer&utm_campaign=UW\">CookieYes - G\u00e9n\u00e9rateur de politique de cookies<\/a><\/p>\n<!-- End CookieYes cookie policy -->\t\t\t\t<\/div>\n\t\t\t\t\t<\/div>\n\t\t\t\t<\/div>\n\t\t\t\t<\/div>","protected":false},"excerpt":{"rendered":"<p>Cookie Policy Effective date: January 27, 2026 Last updated: January 27, 2026 &nbsp; What are cookies? This Cookie Policy explains what cookies are, how we use them, the types of cookies we use (i.e., the information we collect using cookies and how that information is used), and how to manage your cookie settings. Cookies are [&hellip;]<\/p>\n","protected":false},"author":1,"featured_media":0,"parent":0,"menu_order":0,"comment_status":"closed","ping_status":"closed","template":"elementor_header_footer","meta":{"inline_featured_image":false,"footnotes":""},"class_list":["post-1301","page","type-page","status-publish","hentry"],"yoast_head":"<!-- This site is optimized with the Yoast SEO Premium plugin v27.4 (Yoast SEO v27.4) - https:\/\/yoast.com\/product\/yoast-seo-premium-wordpress\/ -->\n<title>Cookies - Atlas-Machinery<\/title>\n<meta name=\"robots\" content=\"index, follow, max-snippet:-1, max-image-preview:large, max-video-preview:-1\" \/>\n<link rel=\"canonical\" href=\"https:\/\/atlas-machinery.eu\/fr\/cookies\/\" \/>\n<meta property=\"og:locale\" content=\"fr_FR\" \/>\n<meta property=\"og:type\" content=\"article\" \/>\n<meta property=\"og:title\" content=\"Cookies\" \/>\n<meta property=\"og:description\" content=\"Cookie Policy Effective date: January 27, 2026 Last updated: January 27, 2026 &nbsp; What are cookies? This Cookie Policy explains what cookies are, how we use them, the types of cookies we use (i.e., the information we collect using cookies and how that information is used), and how to manage your cookie settings. Cookies are [&hellip;]\" \/>\n<meta property=\"og:url\" content=\"https:\/\/atlas-machinery.eu\/fr\/cookies\/\" \/>\n<meta property=\"og:site_name\" content=\"Atlas-Machinery\" \/>\n<meta property=\"article:modified_time\" content=\"2026-01-27T12:21:01+00:00\" \/>\n<meta name=\"twitter:card\" content=\"summary_large_image\" \/>\n<meta name=\"twitter:label1\" content=\"Dur\u00e9e de lecture estim\u00e9e\" \/>\n\t<meta name=\"twitter:data1\" content=\"2 minutes\" \/>\n<script type=\"application\/ld+json\" class=\"yoast-schema-graph\">{\"@context\":\"https:\\\/\\\/schema.org\",\"@graph\":[{\"@type\":\"WebPage\",\"@id\":\"https:\\\/\\\/atlas-machinery.eu\\\/cookies\\\/\",\"url\":\"https:\\\/\\\/atlas-machinery.eu\\\/cookies\\\/\",\"name\":\"Cookies - Atlas-Machinery\",\"isPartOf\":{\"@id\":\"https:\\\/\\\/atlas-machinery.eu\\\/#website\"},\"datePublished\":\"2026-01-27T12:04:36+00:00\",\"dateModified\":\"2026-01-27T12:21:01+00:00\",\"breadcrumb\":{\"@id\":\"https:\\\/\\\/atlas-machinery.eu\\\/cookies\\\/#breadcrumb\"},\"inLanguage\":\"fr-FR\",\"potentialAction\":[{\"@type\":\"ReadAction\",\"target\":[\"https:\\\/\\\/atlas-machinery.eu\\\/cookies\\\/\"]}]},{\"@type\":\"BreadcrumbList\",\"@id\":\"https:\\\/\\\/atlas-machinery.eu\\\/cookies\\\/#breadcrumb\",\"itemListElement\":[{\"@type\":\"ListItem\",\"position\":1,\"name\":\"Kezd\u0151lap\",\"item\":\"https:\\\/\\\/atlas-machinery.eu\\\/\"},{\"@type\":\"ListItem\",\"position\":2,\"name\":\"Cookies\"}]},{\"@type\":\"WebSite\",\"@id\":\"https:\\\/\\\/atlas-machinery.eu\\\/#website\",\"url\":\"https:\\\/\\\/atlas-machinery.eu\\\/\",\"name\":\"Atlas-Machinery\",\"description\":\"Industrial Dismantling Experts\",\"publisher\":{\"@id\":\"https:\\\/\\\/atlas-machinery.eu\\\/#organization\"},\"potentialAction\":[{\"@type\":\"SearchAction\",\"target\":{\"@type\":\"EntryPoint\",\"urlTemplate\":\"https:\\\/\\\/atlas-machinery.eu\\\/?s={search_term_string}\"},\"query-input\":{\"@type\":\"PropertyValueSpecification\",\"valueRequired\":true,\"valueName\":\"search_term_string\"}}],\"inLanguage\":\"fr-FR\"},{\"@type\":\"Organization\",\"@id\":\"https:\\\/\\\/atlas-machinery.eu\\\/#organization\",\"name\":\"Atlas-Machinery\",\"url\":\"https:\\\/\\\/atlas-machinery.eu\\\/\",\"logo\":{\"@type\":\"ImageObject\",\"inLanguage\":\"fr-FR\",\"@id\":\"https:\\\/\\\/atlas-machinery.eu\\\/#\\\/schema\\\/logo\\\/image\\\/\",\"url\":\"https:\\\/\\\/atlas-machinery.eu\\\/wp-content\\\/uploads\\\/2026\\\/01\\\/logo.svg\",\"contentUrl\":\"https:\\\/\\\/atlas-machinery.eu\\\/wp-content\\\/uploads\\\/2026\\\/01\\\/logo.svg\",\"width\":100,\"height\":100,\"caption\":\"Atlas-Machinery\"},\"image\":{\"@id\":\"https:\\\/\\\/atlas-machinery.eu\\\/#\\\/schema\\\/logo\\\/image\\\/\"}}]}<\/script>\n<!-- \/ Yoast SEO Premium plugin. -->","yoast_head_json":{"title":"Cookies - Atlas-Machinery","robots":{"index":"index","follow":"follow","max-snippet":"max-snippet:-1","max-image-preview":"max-image-preview:large","max-video-preview":"max-video-preview:-1"},"canonical":"https:\/\/atlas-machinery.eu\/fr\/cookies\/","og_locale":"fr_FR","og_type":"article","og_title":"Cookies","og_description":"Cookie Policy Effective date: January 27, 2026 Last updated: January 27, 2026 &nbsp; What are cookies? This Cookie Policy explains what cookies are, how we use them, the types of cookies we use (i.e., the information we collect using cookies and how that information is used), and how to manage your cookie settings. Cookies are [&hellip;]","og_url":"https:\/\/atlas-machinery.eu\/fr\/cookies\/","og_site_name":"Atlas-Machinery","article_modified_time":"2026-01-27T12:21:01+00:00","twitter_card":"summary_large_image","twitter_misc":{"Dur\u00e9e de lecture estim\u00e9e":"2 minutes"},"schema":{"@context":"https:\/\/schema.org","@graph":[{"@type":"WebPage","@id":"https:\/\/atlas-machinery.eu\/cookies\/","url":"https:\/\/atlas-machinery.eu\/cookies\/","name":"Cookies - Atlas-Machinery","isPartOf":{"@id":"https:\/\/atlas-machinery.eu\/#website"},"datePublished":"2026-01-27T12:04:36+00:00","dateModified":"2026-01-27T12:21:01+00:00","breadcrumb":{"@id":"https:\/\/atlas-machinery.eu\/cookies\/#breadcrumb"},"inLanguage":"fr-FR","potentialAction":[{"@type":"ReadAction","target":["https:\/\/atlas-machinery.eu\/cookies\/"]}]},{"@type":"BreadcrumbList","@id":"https:\/\/atlas-machinery.eu\/cookies\/#breadcrumb","itemListElement":[{"@type":"ListItem","position":1,"name":"Kezd\u0151lap","item":"https:\/\/atlas-machinery.eu\/"},{"@type":"ListItem","position":2,"name":"Cookies"}]},{"@type":"WebSite","@id":"https:\/\/atlas-machinery.eu\/#website","url":"https:\/\/atlas-machinery.eu\/","name":"Atlas-Machinery","description":"Industrial Dismantling Experts","publisher":{"@id":"https:\/\/atlas-machinery.eu\/#organization"},"potentialAction":[{"@type":"SearchAction","target":{"@type":"EntryPoint","urlTemplate":"https:\/\/atlas-machinery.eu\/?s={search_term_string}"},"query-input":{"@type":"PropertyValueSpecification","valueRequired":true,"valueName":"search_term_string"}}],"inLanguage":"fr-FR"},{"@type":"Organization","@id":"https:\/\/atlas-machinery.eu\/#organization","name":"Atlas-Machinery","url":"https:\/\/atlas-machinery.eu\/","logo":{"@type":"ImageObject","inLanguage":"fr-FR","@id":"https:\/\/atlas-machinery.eu\/#\/schema\/logo\/image\/","url":"https:\/\/atlas-machinery.eu\/wp-content\/uploads\/2026\/01\/logo.svg","contentUrl":"https:\/\/atlas-machinery.eu\/wp-content\/uploads\/2026\/01\/logo.svg","width":100,"height":100,"caption":"Atlas-Machinery"},"image":{"@id":"https:\/\/atlas-machinery.eu\/#\/schema\/logo\/image\/"}}]}},"_links":{"self":[{"href":"https:\/\/atlas-machinery.eu\/fr\/wp-json\/wp\/v2\/pages\/1301","targetHints":{"allow":["GET"]}}],"collection":[{"href":"https:\/\/atlas-machinery.eu\/fr\/wp-json\/wp\/v2\/pages"}],"about":[{"href":"https:\/\/atlas-machinery.eu\/fr\/wp-json\/wp\/v2\/types\/page"}],"author":[{"embeddable":true,"href":"https:\/\/atlas-machinery.eu\/fr\/wp-json\/wp\/v2\/users\/1"}],"replies":[{"embeddable":true,"href":"https:\/\/atlas-machinery.eu\/fr\/wp-json\/wp\/v2\/comments?post=1301"}],"version-history":[{"count":4,"href":"https:\/\/atlas-machinery.eu\/fr\/wp-json\/wp\/v2\/pages\/1301\/revisions"}],"predecessor-version":[{"id":1316,"href":"https:\/\/atlas-machinery.eu\/fr\/wp-json\/wp\/v2\/pages\/1301\/revisions\/1316"}],"wp:attachment":[{"href":"https:\/\/atlas-machinery.eu\/fr\/wp-json\/wp\/v2\/media?parent=1301"}],"curies":[{"name":"wp","href":"https:\/\/api.w.org\/{rel}","templated":true}]}}