{"id":1303,"date":"2026-01-27T12:05:38","date_gmt":"2026-01-27T12:05:38","guid":{"rendered":"https:\/\/atlas-machinery.eu\/?page_id=1303"},"modified":"2026-01-27T12:08:38","modified_gmt":"2026-01-27T12:08:38","slug":"privacy-policy","status":"publish","type":"page","link":"https:\/\/atlas-machinery.eu\/es\/privacy-policy\/","title":{"rendered":"Pol\u00edtica de privacidad"},"content":{"rendered":"<div data-elementor-type=\"wp-page\" data-elementor-id=\"1303\" class=\"elementor elementor-1303\" data-elementor-post-type=\"page\">\n\t\t\t\t<div class=\"elementor-element elementor-element-695dcbb e-flex e-con-boxed e-con e-parent\" data-id=\"695dcbb\" data-element_type=\"container\" data-e-type=\"container\">\n\t\t\t\t\t<div class=\"e-con-inner\">\n\t\t\t\t<div class=\"elementor-element elementor-element-2494171 elementor-widget elementor-widget-html\" data-id=\"2494171\" data-element_type=\"widget\" data-e-type=\"widget\" data-widget_type=\"html.default\">\n\t\t\t\t\t<h1 class=\"privacy-policy-h1\">Pol\u00edtica de privacidad\n<br><span>\u00daltima actualizaci\u00f3n: 27-ene-2026<\/span>\n<br><span>Fecha de entrada en vigor 27-Ene-2026<\/span>\n<\/h1>\n\n<p class=\"privacy-policy-p\">\n    Esta pol\u00edtica de privacidad describe las pol\u00edticas de\n\n    Atlas Maquinaria,\n    1103-11871 Horseshoe Way, 2\u00aa planta,\n    Columbia Brit\u00e1nica\n    V7A 5H5,\n    Canada,\n    correo electr\u00f3nico: info@atlas-machinery.eu,\n    tel\u00e9fono: +36 70 423 1549\n\n    sobre la recogida,\n    uso y divulgaci\u00f3n de la informaci\u00f3n que recopilamos\n    cuando utiliza nuestro sitio web ( https:\/\/atlas-machinery.eu ).\n    (el \u201cServicio\u201d). Al acceder o utilizar\n    el Servicio\n    Servicio, usted consiente la recopilaci\u00f3n, el uso y la\n    divulgaci\u00f3n de su informaci\u00f3n de acuerdo con esta\n    Pol\u00edtica de privacidad. Si no consiente en lo mismo\n    no acceda ni utilice el Servicio.\n<\/p>\n\n<p class=\"privacy-policy-p\">\n    Podemos modificar esta Pol\u00edtica de Privacidad en cualquier momento sin\n    previo aviso y publicaremos la Pol\u00edtica de Privacidad revisada en el Servicio.\n    revisada en el Servicio. La Pol\u00edtica revisada\n    entrar\u00e1 en vigor a los 180 d\u00edas de su\n    Pol\u00edtica revisada se publique en el Servicio y su\n    acceso o uso continuado del Servicio despu\u00e9s de dicho plazo\n    constituir\u00e1 su aceptaci\u00f3n de la Pol\u00edtica de Privacidad revisada.\n    revisada. Por lo tanto, le recomendamos que\n    peri\u00f3dicamente esta p\u00e1gina.\n<\/p>\n\n<ol class=\"privacy-policy-ol\">\n        <li>\n        <h2 class=\"privacy-policy-h2\">\n            Informaci\u00f3n que recopilamos:\n        <\/h2>\n\n        \n        <p class=\"privacy-policy-p\">\n            Recopilaremos y trataremos los siguientes datos\n            informaci\u00f3n personal sobre usted:\n        <\/p>\n        <ol class=\"privacy-policy-ol\">\n\n                        <li>Nombre<\/li>\n            \n                        <li>Correo electr\u00f3nico<\/li>\n            \n                        <li>M\u00f3vil<\/li>\n            \n            \n            \n            \n                        <li>Direcci\u00f3n de trabajo<\/li>\n            \n                        \n                                    <li>Nombre de la empresa<\/li>\n                        \n        <\/ol>\n        \n\n        \n\n    <\/li>\n\n    \n    \n\n        <li>\n        <h2 class=\"privacy-policy-h2\">\n            C\u00f3mo utilizamos su informaci\u00f3n:\n        <\/h2>\n        <p class=\"privacy-policy-p\">\n            Utilizaremos la informaci\u00f3n que recopilemos\n            sobre usted para los siguientes fines:\n        <\/p>\n        <ol class=\"privacy-policy-ol\">\n\n                        <li>Marketing\/Promoci\u00f3n<\/li>\n            \n            \n            \n                        <li>Recogida de opiniones de los clientes<\/li>\n            \n            \n            \n                        <li>Ayuda<\/li>\n            \n                        <li>Informaci\u00f3n administrativa<\/li>\n            \n                        <li>Publicidad dirigida<\/li>\n            \n            \n            \n            \n            \n            \n        <\/ol>\n        <p class=\"privacy-policy-p\">\n            Si deseamos utilizar sus datos para cualquier otro fin\n            finalidad, le pediremos su consentimiento y\n            utilizaremos su informaci\u00f3n s\u00f3lo si recibimos su\n            consentimiento y, entonces, s\u00f3lo para el fin o fines para\n            que otorgue su consentimiento, a menos que estemos obligados a hacer\n            otra cosa por ley.\n        <\/p>\n    <\/li>\n    \n    \n    <li>\n        <h2 class=\"privacy-policy-h2\">\n            C\u00f3mo compartimos su informaci\u00f3n:\n        <\/h2>\n\n\n                <p class=\"privacy-policy-p\">\n            No transferiremos su informaci\u00f3n personal\n            a terceros sin solicitar su consentimiento,\n            excepto en circunstancias limitadas como se describe\n            a continuaci\u00f3n:\n        <\/p>\n        <ol class=\"privacy-policy-ol\">\n            \n            \n            \n            \n                        <li>Anal\u00edtica<\/li>\n            \n            \n                    <\/ol>\n        \n        <p class=\"privacy-policy-p\">\n            Exigimos a dichos terceros que utilicen la\n            informaci\u00f3n personal que les transferimos s\u00f3lo\n            para los fines para los que se transfirieron y\n            no la conserven durante m\u00e1s tiempo del necesario para\n            el cumplimiento de dicha finalidad.\n        <\/p>\n        <p class=\"privacy-policy-p\">\n            Tambi\u00e9n podemos revelar su informaci\u00f3n personal\n            para lo siguiente (1) cumplir con la legislaci\u00f3n\n            leyes, reglamentos, \u00f3rdenes judiciales u otros\n            proceso legal; (2) para hacer cumplir sus acuerdos con nosotros\n            incluida la presente Pol\u00edtica de Privacidad; o (3) para responder\n            a las reclamaciones de que su uso del Servicio viola\n            los derechos de terceros. Si el Servicio o nuestra\n            empresa se fusiona o adquiere con otra\n            empresa, su informaci\u00f3n ser\u00e1 uno de los\n            activos que se transfieran al nuevo propietario.\n        <\/p>\n    <\/li>\n    \n\n        <li>\n        <h2 class=\"privacy-policy-h2\">\n            Conservaci\u00f3n de su informaci\u00f3n:\n        <\/h2>\n        <p class=\"privacy-policy-p\">\n            Conservaremos su informaci\u00f3n personal con nosotros\n            para\n                        entre 90 d\u00edas y 2 a\u00f1os despu\u00e9s de que los usuarios cancelen sus cuentas\n                        o durante\n            que la necesitemos para cumplir los fines para los que\n            para los que se recopil\u00f3, tal como se detalla en esta\n            Pol\u00edtica de privacidad. Es posible que debamos conservar\n            informaci\u00f3n durante per\u00edodos m\u00e1s largos, como\n            mantenimiento de registros \/ elaboraci\u00f3n de informes de conformidad con\n            la legislaci\u00f3n aplicable o por otros motivos leg\u00edtimos\n            leg\u00edtimas, como el ejercicio de derechos\n            fraude, etc. Informaci\u00f3n residual an\u00f3nima\n            y la informaci\u00f3n agregada, ninguna de las cuales\n            le identifica (directa o indirectamente), pueden ser\n            almacenarse indefinidamente.\n        <\/p>\n    <\/li>\n    \n    <li>\n        <h2 class=\"privacy-policy-h2\">\n            Sus derechos:\n        <\/h2>\n        <p class=\"privacy-policy-p\">\n            En funci\u00f3n de la legislaci\u00f3n aplicable, usted puede tener\n            derecho de acceso, rectificaci\u00f3n o supresi\u00f3n de sus\n            o recibir una copia de sus datos personales\n            personales, limitar el tratamiento activo de sus\n            tratamiento activo de sus datos, pedirnos que compartamos (portemos)\n            sus datos personales a otra entidad,\n            retirar cualquier consentimiento que nos haya dado para\n            tratamiento de sus datos, derecho a presentar una reclamaci\u00f3n\n            ante una autoridad legal y otros derechos\n            que puedan corresponderle en virtud de la legislaci\u00f3n aplicable. Para\n            ejercer estos derechos, puede escribirnos a\n            info@atlas-machinery.eu.\n            Responderemos a su\n            solicitud de conformidad con la legislaci\u00f3n aplicable.\n        <\/p>\n\n                <p class=\"privacy-policy-p\">\n            Puede optar por no recibir comunicaciones\n            de marketing directo o de la elaboraci\u00f3n de perfiles\n            marketing escribi\u00e9ndonos a\n            info@atlas-machinery.eu.\n        <\/p>\n        \n        <p class=\"privacy-policy-p\">\n            Tenga en cuenta que si no nos permite recoger\n            o procesar la informaci\u00f3n personal requerida o\n            retirar el consentimiento para el tratamiento de los mismos para los\n            fines requeridos, es posible que no pueda acceder\n            o utilizar los servicios para los que se\n            se solicit\u00f3.\n        <\/p>\n    <\/li>\n        <li>\n        <h2 class=\"privacy-policy-h2\">\n            Cookies Etc.\n        <\/h2>\n        <p class=\"privacy-policy-p\">\n\n            \n            Para saber m\u00e1s sobre c\u00f3mo las utilizamos\n            y sus opciones en relaci\u00f3n con estas\n            tecnolog\u00edas de rastreo, consulte nuestra\n            <a href=\"https:\/\/atlas-machinery.eu\/es\/cookies\/\">Pol\u00edtica de cookies.<\/a>\n        <\/p>\n    <\/li>\n    \n    <li>\n        <h2 class=\"privacy-policy-h2\">\n            Seguridad:\n        <\/h2>\n        <p class=\"privacy-policy-p\">\n            La seguridad de su informaci\u00f3n es importante para\n            y utilizaremos medidas de seguridad razonables\n            para evitar la p\u00e9rdida, el uso indebido o la\n            o alteraci\u00f3n no autorizada de la informaci\u00f3n\n            bajo nuestro control. Sin embargo, dados los riesgos inherentes, no podemos\n            no podemos garantizar una seguridad absoluta y\n            seguridad absoluta y, en consecuencia, no podemos\n            seguridad de cualquier informaci\u00f3n que nos transmita\n            y usted lo hace por su cuenta y riesgo.\n        <\/p>\n    <\/li>\n\n    \n    <li>\n        <h2 class=\"privacy-policy-h2\">\n            Responsable de quejas y protecci\u00f3n de datos:\n        <\/h2>\n        <p class=\"privacy-policy-p\">\n            Si tiene alguna pregunta o duda sobre el\n            tratamiento de la informaci\u00f3n de que dispone\n            con nosotros, puede enviar un correo electr\u00f3nico a nuestro responsable de quejas a\n            Atlas Machinery,\n            1103-11871 Horseshoe Way, 2\u00aa planta,\n            correo electr\u00f3nico: info@atlas-machinery.eu.\n            Abordaremos sus inquietudes de conformidad con la legislaci\u00f3n aplicable.\n        <\/p>\n    <\/li>\n<\/ol>\n<p class=\"privacy-policy-p\">\n    Pol\u00edtica de privacidad generada con  <a target=\"_blank\" href=\"https:\/\/www.cookieyes.com\/?utm_source=PP&utm_medium=footer&utm_campaign=UW\">CookieS\u00ed<\/a>.\n<\/p>\t\t\t\t<\/div>\n\t\t\t\t\t<\/div>\n\t\t\t\t<\/div>\n\t\t\t\t<\/div>","protected":false},"excerpt":{"rendered":"<p>Privacy Policy Last Updated On 27-Jan-2026 Effective Date 27-Jan-2026 This Privacy Policy describes the policies of Atlas Machinery, 1103\u201311871 Horseshoe Way, 2nd Floor, British Columbia V7A 5H5, Canada, email: info@atlas-machinery.eu, phone: +36 70 423 1549 on the collection, use and disclosure of your information that we collect when you use our website ( https:\/\/atlas-machinery.eu ). [&hellip;]<\/p>\n","protected":false},"author":1,"featured_media":0,"parent":0,"menu_order":0,"comment_status":"closed","ping_status":"closed","template":"elementor_header_footer","meta":{"inline_featured_image":false,"footnotes":""},"class_list":["post-1303","page","type-page","status-publish","hentry"],"yoast_head":"<!-- This site is optimized with the Yoast SEO Premium plugin v27.4 (Yoast SEO v27.4) - https:\/\/yoast.com\/product\/yoast-seo-premium-wordpress\/ -->\n<title>Privacy Policy - Atlas-Machinery<\/title>\n<meta name=\"robots\" content=\"index, follow, max-snippet:-1, max-image-preview:large, max-video-preview:-1\" \/>\n<link rel=\"canonical\" href=\"https:\/\/atlas-machinery.eu\/es\/privacy-policy\/\" \/>\n<meta property=\"og:locale\" content=\"es_ES\" \/>\n<meta property=\"og:type\" content=\"article\" \/>\n<meta property=\"og:title\" content=\"Privacy Policy\" \/>\n<meta property=\"og:description\" content=\"Privacy Policy Last Updated On 27-Jan-2026 Effective Date 27-Jan-2026 This Privacy Policy describes the policies of Atlas Machinery, 1103\u201311871 Horseshoe Way, 2nd Floor, British Columbia V7A 5H5, Canada, email: info@atlas-machinery.eu, phone: +36 70 423 1549 on the collection, use and disclosure of your information that we collect when you use our website ( https:\/\/atlas-machinery.eu ). [&hellip;]\" \/>\n<meta property=\"og:url\" content=\"https:\/\/atlas-machinery.eu\/es\/privacy-policy\/\" \/>\n<meta property=\"og:site_name\" content=\"Atlas-Machinery\" \/>\n<meta property=\"article:modified_time\" content=\"2026-01-27T12:08:38+00:00\" \/>\n<meta name=\"twitter:card\" content=\"summary_large_image\" \/>\n<meta name=\"twitter:label1\" content=\"Tiempo de lectura\" \/>\n\t<meta name=\"twitter:data1\" content=\"4 minutos\" \/>\n<script type=\"application\/ld+json\" class=\"yoast-schema-graph\">{\"@context\":\"https:\\\/\\\/schema.org\",\"@graph\":[{\"@type\":\"WebPage\",\"@id\":\"https:\\\/\\\/atlas-machinery.eu\\\/privacy-policy\\\/\",\"url\":\"https:\\\/\\\/atlas-machinery.eu\\\/privacy-policy\\\/\",\"name\":\"Privacy Policy - Atlas-Machinery\",\"isPartOf\":{\"@id\":\"https:\\\/\\\/atlas-machinery.eu\\\/#website\"},\"datePublished\":\"2026-01-27T12:05:38+00:00\",\"dateModified\":\"2026-01-27T12:08:38+00:00\",\"breadcrumb\":{\"@id\":\"https:\\\/\\\/atlas-machinery.eu\\\/privacy-policy\\\/#breadcrumb\"},\"inLanguage\":\"es\",\"potentialAction\":[{\"@type\":\"ReadAction\",\"target\":[\"https:\\\/\\\/atlas-machinery.eu\\\/privacy-policy\\\/\"]}]},{\"@type\":\"BreadcrumbList\",\"@id\":\"https:\\\/\\\/atlas-machinery.eu\\\/privacy-policy\\\/#breadcrumb\",\"itemListElement\":[{\"@type\":\"ListItem\",\"position\":1,\"name\":\"Kezd\u0151lap\",\"item\":\"https:\\\/\\\/atlas-machinery.eu\\\/\"},{\"@type\":\"ListItem\",\"position\":2,\"name\":\"Privacy Policy\"}]},{\"@type\":\"WebSite\",\"@id\":\"https:\\\/\\\/atlas-machinery.eu\\\/#website\",\"url\":\"https:\\\/\\\/atlas-machinery.eu\\\/\",\"name\":\"Atlas-Machinery\",\"description\":\"Industrial Dismantling Experts\",\"publisher\":{\"@id\":\"https:\\\/\\\/atlas-machinery.eu\\\/#organization\"},\"potentialAction\":[{\"@type\":\"SearchAction\",\"target\":{\"@type\":\"EntryPoint\",\"urlTemplate\":\"https:\\\/\\\/atlas-machinery.eu\\\/?s={search_term_string}\"},\"query-input\":{\"@type\":\"PropertyValueSpecification\",\"valueRequired\":true,\"valueName\":\"search_term_string\"}}],\"inLanguage\":\"es\"},{\"@type\":\"Organization\",\"@id\":\"https:\\\/\\\/atlas-machinery.eu\\\/#organization\",\"name\":\"Atlas-Machinery\",\"url\":\"https:\\\/\\\/atlas-machinery.eu\\\/\",\"logo\":{\"@type\":\"ImageObject\",\"inLanguage\":\"es\",\"@id\":\"https:\\\/\\\/atlas-machinery.eu\\\/#\\\/schema\\\/logo\\\/image\\\/\",\"url\":\"https:\\\/\\\/atlas-machinery.eu\\\/wp-content\\\/uploads\\\/2026\\\/01\\\/logo.svg\",\"contentUrl\":\"https:\\\/\\\/atlas-machinery.eu\\\/wp-content\\\/uploads\\\/2026\\\/01\\\/logo.svg\",\"width\":100,\"height\":100,\"caption\":\"Atlas-Machinery\"},\"image\":{\"@id\":\"https:\\\/\\\/atlas-machinery.eu\\\/#\\\/schema\\\/logo\\\/image\\\/\"}}]}<\/script>\n<!-- \/ Yoast SEO Premium plugin. -->","yoast_head_json":{"title":"Privacy Policy - Atlas-Machinery","robots":{"index":"index","follow":"follow","max-snippet":"max-snippet:-1","max-image-preview":"max-image-preview:large","max-video-preview":"max-video-preview:-1"},"canonical":"https:\/\/atlas-machinery.eu\/es\/privacy-policy\/","og_locale":"es_ES","og_type":"article","og_title":"Privacy Policy","og_description":"Privacy Policy Last Updated On 27-Jan-2026 Effective Date 27-Jan-2026 This Privacy Policy describes the policies of Atlas Machinery, 1103\u201311871 Horseshoe Way, 2nd Floor, British Columbia V7A 5H5, Canada, email: info@atlas-machinery.eu, phone: +36 70 423 1549 on the collection, use and disclosure of your information that we collect when you use our website ( https:\/\/atlas-machinery.eu ). [&hellip;]","og_url":"https:\/\/atlas-machinery.eu\/es\/privacy-policy\/","og_site_name":"Atlas-Machinery","article_modified_time":"2026-01-27T12:08:38+00:00","twitter_card":"summary_large_image","twitter_misc":{"Tiempo de lectura":"4 minutos"},"schema":{"@context":"https:\/\/schema.org","@graph":[{"@type":"WebPage","@id":"https:\/\/atlas-machinery.eu\/privacy-policy\/","url":"https:\/\/atlas-machinery.eu\/privacy-policy\/","name":"Privacy Policy - Atlas-Machinery","isPartOf":{"@id":"https:\/\/atlas-machinery.eu\/#website"},"datePublished":"2026-01-27T12:05:38+00:00","dateModified":"2026-01-27T12:08:38+00:00","breadcrumb":{"@id":"https:\/\/atlas-machinery.eu\/privacy-policy\/#breadcrumb"},"inLanguage":"es","potentialAction":[{"@type":"ReadAction","target":["https:\/\/atlas-machinery.eu\/privacy-policy\/"]}]},{"@type":"BreadcrumbList","@id":"https:\/\/atlas-machinery.eu\/privacy-policy\/#breadcrumb","itemListElement":[{"@type":"ListItem","position":1,"name":"Kezd\u0151lap","item":"https:\/\/atlas-machinery.eu\/"},{"@type":"ListItem","position":2,"name":"Privacy Policy"}]},{"@type":"WebSite","@id":"https:\/\/atlas-machinery.eu\/#website","url":"https:\/\/atlas-machinery.eu\/","name":"Atlas-Machinery","description":"Industrial Dismantling Experts","publisher":{"@id":"https:\/\/atlas-machinery.eu\/#organization"},"potentialAction":[{"@type":"SearchAction","target":{"@type":"EntryPoint","urlTemplate":"https:\/\/atlas-machinery.eu\/?s={search_term_string}"},"query-input":{"@type":"PropertyValueSpecification","valueRequired":true,"valueName":"search_term_string"}}],"inLanguage":"es"},{"@type":"Organization","@id":"https:\/\/atlas-machinery.eu\/#organization","name":"Atlas-Machinery","url":"https:\/\/atlas-machinery.eu\/","logo":{"@type":"ImageObject","inLanguage":"es","@id":"https:\/\/atlas-machinery.eu\/#\/schema\/logo\/image\/","url":"https:\/\/atlas-machinery.eu\/wp-content\/uploads\/2026\/01\/logo.svg","contentUrl":"https:\/\/atlas-machinery.eu\/wp-content\/uploads\/2026\/01\/logo.svg","width":100,"height":100,"caption":"Atlas-Machinery"},"image":{"@id":"https:\/\/atlas-machinery.eu\/#\/schema\/logo\/image\/"}}]}},"_links":{"self":[{"href":"https:\/\/atlas-machinery.eu\/es\/wp-json\/wp\/v2\/pages\/1303","targetHints":{"allow":["GET"]}}],"collection":[{"href":"https:\/\/atlas-machinery.eu\/es\/wp-json\/wp\/v2\/pages"}],"about":[{"href":"https:\/\/atlas-machinery.eu\/es\/wp-json\/wp\/v2\/types\/page"}],"author":[{"embeddable":true,"href":"https:\/\/atlas-machinery.eu\/es\/wp-json\/wp\/v2\/users\/1"}],"replies":[{"embeddable":true,"href":"https:\/\/atlas-machinery.eu\/es\/wp-json\/wp\/v2\/comments?post=1303"}],"version-history":[{"count":10,"href":"https:\/\/atlas-machinery.eu\/es\/wp-json\/wp\/v2\/pages\/1303\/revisions"}],"predecessor-version":[{"id":1313,"href":"https:\/\/atlas-machinery.eu\/es\/wp-json\/wp\/v2\/pages\/1303\/revisions\/1313"}],"wp:attachment":[{"href":"https:\/\/atlas-machinery.eu\/es\/wp-json\/wp\/v2\/media?parent=1303"}],"curies":[{"name":"wp","href":"https:\/\/api.w.org\/{rel}","templated":true}]}}