{"id":1301,"date":"2026-01-27T12:04:36","date_gmt":"2026-01-27T12:04:36","guid":{"rendered":"https:\/\/atlas-machinery.eu\/?page_id=1301"},"modified":"2026-01-27T12:21:01","modified_gmt":"2026-01-27T12:21:01","slug":"cookies","status":"publish","type":"page","link":"https:\/\/atlas-machinery.eu\/es\/cookies\/","title":{"rendered":"Cookies"},"content":{"rendered":"<div data-elementor-type=\"wp-page\" data-elementor-id=\"1301\" class=\"elementor elementor-1301\" data-elementor-post-type=\"page\">\n\t\t\t\t<div class=\"elementor-element elementor-element-d3657c1 e-flex e-con-boxed e-con e-parent\" data-id=\"d3657c1\" data-element_type=\"container\" data-e-type=\"container\">\n\t\t\t\t\t<div class=\"e-con-inner\">\n\t\t\t\t<div class=\"elementor-element elementor-element-bd29516 elementor-widget elementor-widget-html\" data-id=\"bd29516\" data-element_type=\"widget\" data-e-type=\"widget\" data-widget_type=\"html.default\">\n\t\t\t\t\t<style>\n  a.cky-banner-element {\n    padding: 8px 30px;\n    background: #f8f9fa;\n    color: #858a8f;\n    border: 1px solid #dee2e6;\n    box-sizing: border-box;\n    border-radius: 2px;\n    cursor: pointer\n  }\n<\/style>\n<h1 class=\"cookie-policy-h1\">Pol\u00edtica de cookies<\/h1>\n<div class=\"cookie-policy-date-container\">\n  <p>Fecha de entrada en vigor: 27 de enero de 2026<\/p>\n  <p>\u00daltima actualizaci\u00f3n: 27 de enero de 2026<\/p>\n<\/div>&nbsp;<h2>\u00bfQu\u00e9 son las cookies?<\/h2>\n<div class=\"cookie-policy-p\">\n  <p>Esta Pol\u00edtica de Cookies explica qu\u00e9 son las cookies, c\u00f3mo las utilizamos, los tipos de cookies que utilizamos (es decir, la informaci\u00f3n que recopilamos utilizando cookies y c\u00f3mo se utiliza esa informaci\u00f3n) y c\u00f3mo gestionar su configuraci\u00f3n de cookies.<\/p>\n  <p>Las cookies son peque\u00f1os archivos de texto utilizados para almacenar peque\u00f1as piezas de informaci\u00f3n. Se almacenan en su dispositivo cuando un sitio web se carga en su navegador. Estas cookies ayudan a garantizar que el sitio web funcione correctamente, mejorar la seguridad, ofrecer una mejor experiencia al usuario y analizar el rendimiento para identificar qu\u00e9 funciona y qu\u00e9 mejoras son necesarias.<\/p>\n<\/div>&nbsp;<h2>\u00bfC\u00f3mo utilizamos las cookies?<\/h2>\n<div class=\"cookie-policy-p\">\n  <p>Como la mayor\u00eda de los servicios en l\u00ednea, nuestro sitio web utiliza cookies propias y de terceros para diversos fines. Las cookies de origen son principalmente necesarias para que el sitio web funcione correctamente y no recopilan datos de identificaci\u00f3n personal.<\/p>\n  <p>Las cookies de terceros que se utilizan en nuestro sitio web nos ayudan principalmente a comprender el rendimiento del sitio web, hacer un seguimiento de c\u00f3mo interact\u00faa con \u00e9l, mantener la seguridad de nuestros servicios, ofrecer anuncios relevantes y mejorar su experiencia de usuario en general, al tiempo que mejoran la velocidad de sus futuras interacciones con nuestro sitio web.<\/p>\n<\/div>&nbsp;<h2>Tipos de cookies que utilizamos<\/h2>\n<div class=\"cky-audit-table-element\"><\/div>&nbsp;<h2 style=\"margin-bottom: 20px\">Gestionar las preferencias de cookies<\/h2><a class=\"cky-banner-element\">Preferencias de consentimiento<\/a><br \/>\n<div>\n  <p>Puede modificar su configuraci\u00f3n de cookies en cualquier momento haciendo clic en el bot\u00f3n 'Preferencias de consentimiento'. Esto le permitir\u00e1 volver a visitar el banner de consentimiento de cookies y actualizar sus preferencias o retirar su consentimiento inmediatamente. <\/p>\n  <p>Adem\u00e1s, los distintos navegadores ofrecen varios m\u00e9todos para bloquear y eliminar las cookies utilizadas por los sitios web. Puede ajustar la configuraci\u00f3n de su navegador para bloquear o eliminar las cookies. A continuaci\u00f3n encontrar\u00e1 enlaces a documentos de apoyo sobre c\u00f3mo gestionar y eliminar cookies en los principales navegadores web.<\/p>\n  <p>Cromo: <a target=\"_blank\" rel=\"noopener noreferrer\" href=\"https:\/\/support.google.com\/accounts\/answer\/32050\">https:\/\/support.google.com\/accounts\/answer\/32050<\/a><\/p>\n  <p>Safari: <a target=\"_blank\" rel=\"noopener noreferrer\" href=\"https:\/\/support.apple.com\/en-in\/guide\/safari\/sfri11471\/mac\">https:\/\/support.apple.com\/en-in\/guide\/safari\/sfri11471\/mac<\/a><\/p>\n  <p>Firefox: <a target=\"_blank\" rel=\"noopener noreferrer\" href=\"https:\/\/support.mozilla.org\/en-US\/kb\/clear-cookies-and-site-data-firefox?redirectslug=delete-cookies-remove-info-websites-stored&redirectlocale=en-US\">https:\/\/support.mozilla.org\/en-US\/kb\/clear-cookies-and-site-data-firefox?redirectslug=delete-cookies-remove-info-websites-stored&redirectlocale=en-US<\/a><\/p>\n  <p>Internet Explorer: <a target=\"_blank\" rel=\"noopener noreferrer\" href=\"https:\/\/support.microsoft.com\/en-us\/topic\/how-to-delete-cookie-files-in-internet-explorer-bca9446f-d873-78de-77ba-d42645fa52fc\">https:\/\/support.microsoft.com\/en-us\/topic\/how-to-delete-cookie-files-in-internet-explorer-bca9446f-d873-78de-77ba-d42645fa52fc<\/a><\/p>\n  <p>Si utilizas otro navegador, consulta su documentaci\u00f3n oficial.<\/p>\n<\/div>&nbsp;<p class=\"cookie-policy-p\"> Pol\u00edtica de cookies generada por <a target=\"_blank\" rel=\"noopener noreferrer\" href=\"https:\/\/www.cookieyes.com\/?utm_source=CP&utm_medium=footer&utm_campaign=UW\">CookieYes - Generador de pol\u00edtica de cookies<\/a><\/p>\n<!-- End CookieYes cookie policy -->\t\t\t\t<\/div>\n\t\t\t\t\t<\/div>\n\t\t\t\t<\/div>\n\t\t\t\t<\/div>","protected":false},"excerpt":{"rendered":"<p>Cookie Policy Effective date: January 27, 2026 Last updated: January 27, 2026 &nbsp; What are cookies? This Cookie Policy explains what cookies are, how we use them, the types of cookies we use (i.e., the information we collect using cookies and how that information is used), and how to manage your cookie settings. Cookies are [&hellip;]<\/p>\n","protected":false},"author":1,"featured_media":0,"parent":0,"menu_order":0,"comment_status":"closed","ping_status":"closed","template":"elementor_header_footer","meta":{"inline_featured_image":false,"footnotes":""},"class_list":["post-1301","page","type-page","status-publish","hentry"],"yoast_head":"<!-- This site is optimized with the Yoast SEO Premium plugin v27.4 (Yoast SEO v27.4) - https:\/\/yoast.com\/product\/yoast-seo-premium-wordpress\/ -->\n<title>Cookies - Atlas-Machinery<\/title>\n<meta name=\"robots\" content=\"index, follow, max-snippet:-1, max-image-preview:large, max-video-preview:-1\" \/>\n<link rel=\"canonical\" href=\"https:\/\/atlas-machinery.eu\/es\/cookies\/\" \/>\n<meta property=\"og:locale\" content=\"es_ES\" \/>\n<meta property=\"og:type\" content=\"article\" \/>\n<meta property=\"og:title\" content=\"Cookies\" \/>\n<meta property=\"og:description\" content=\"Cookie Policy Effective date: January 27, 2026 Last updated: January 27, 2026 &nbsp; What are cookies? This Cookie Policy explains what cookies are, how we use them, the types of cookies we use (i.e., the information we collect using cookies and how that information is used), and how to manage your cookie settings. Cookies are [&hellip;]\" \/>\n<meta property=\"og:url\" content=\"https:\/\/atlas-machinery.eu\/es\/cookies\/\" \/>\n<meta property=\"og:site_name\" content=\"Atlas-Machinery\" \/>\n<meta property=\"article:modified_time\" content=\"2026-01-27T12:21:01+00:00\" \/>\n<meta name=\"twitter:card\" content=\"summary_large_image\" \/>\n<meta name=\"twitter:label1\" content=\"Tiempo de lectura\" \/>\n\t<meta name=\"twitter:data1\" content=\"2 minutos\" \/>\n<script type=\"application\/ld+json\" class=\"yoast-schema-graph\">{\"@context\":\"https:\\\/\\\/schema.org\",\"@graph\":[{\"@type\":\"WebPage\",\"@id\":\"https:\\\/\\\/atlas-machinery.eu\\\/cookies\\\/\",\"url\":\"https:\\\/\\\/atlas-machinery.eu\\\/cookies\\\/\",\"name\":\"Cookies - Atlas-Machinery\",\"isPartOf\":{\"@id\":\"https:\\\/\\\/atlas-machinery.eu\\\/#website\"},\"datePublished\":\"2026-01-27T12:04:36+00:00\",\"dateModified\":\"2026-01-27T12:21:01+00:00\",\"breadcrumb\":{\"@id\":\"https:\\\/\\\/atlas-machinery.eu\\\/cookies\\\/#breadcrumb\"},\"inLanguage\":\"es\",\"potentialAction\":[{\"@type\":\"ReadAction\",\"target\":[\"https:\\\/\\\/atlas-machinery.eu\\\/cookies\\\/\"]}]},{\"@type\":\"BreadcrumbList\",\"@id\":\"https:\\\/\\\/atlas-machinery.eu\\\/cookies\\\/#breadcrumb\",\"itemListElement\":[{\"@type\":\"ListItem\",\"position\":1,\"name\":\"Kezd\u0151lap\",\"item\":\"https:\\\/\\\/atlas-machinery.eu\\\/\"},{\"@type\":\"ListItem\",\"position\":2,\"name\":\"Cookies\"}]},{\"@type\":\"WebSite\",\"@id\":\"https:\\\/\\\/atlas-machinery.eu\\\/#website\",\"url\":\"https:\\\/\\\/atlas-machinery.eu\\\/\",\"name\":\"Atlas-Machinery\",\"description\":\"Industrial Dismantling Experts\",\"publisher\":{\"@id\":\"https:\\\/\\\/atlas-machinery.eu\\\/#organization\"},\"potentialAction\":[{\"@type\":\"SearchAction\",\"target\":{\"@type\":\"EntryPoint\",\"urlTemplate\":\"https:\\\/\\\/atlas-machinery.eu\\\/?s={search_term_string}\"},\"query-input\":{\"@type\":\"PropertyValueSpecification\",\"valueRequired\":true,\"valueName\":\"search_term_string\"}}],\"inLanguage\":\"es\"},{\"@type\":\"Organization\",\"@id\":\"https:\\\/\\\/atlas-machinery.eu\\\/#organization\",\"name\":\"Atlas-Machinery\",\"url\":\"https:\\\/\\\/atlas-machinery.eu\\\/\",\"logo\":{\"@type\":\"ImageObject\",\"inLanguage\":\"es\",\"@id\":\"https:\\\/\\\/atlas-machinery.eu\\\/#\\\/schema\\\/logo\\\/image\\\/\",\"url\":\"https:\\\/\\\/atlas-machinery.eu\\\/wp-content\\\/uploads\\\/2026\\\/01\\\/logo.svg\",\"contentUrl\":\"https:\\\/\\\/atlas-machinery.eu\\\/wp-content\\\/uploads\\\/2026\\\/01\\\/logo.svg\",\"width\":100,\"height\":100,\"caption\":\"Atlas-Machinery\"},\"image\":{\"@id\":\"https:\\\/\\\/atlas-machinery.eu\\\/#\\\/schema\\\/logo\\\/image\\\/\"}}]}<\/script>\n<!-- \/ Yoast SEO Premium plugin. -->","yoast_head_json":{"title":"Cookies - Atlas-Machinery","robots":{"index":"index","follow":"follow","max-snippet":"max-snippet:-1","max-image-preview":"max-image-preview:large","max-video-preview":"max-video-preview:-1"},"canonical":"https:\/\/atlas-machinery.eu\/es\/cookies\/","og_locale":"es_ES","og_type":"article","og_title":"Cookies","og_description":"Cookie Policy Effective date: January 27, 2026 Last updated: January 27, 2026 &nbsp; What are cookies? This Cookie Policy explains what cookies are, how we use them, the types of cookies we use (i.e., the information we collect using cookies and how that information is used), and how to manage your cookie settings. Cookies are [&hellip;]","og_url":"https:\/\/atlas-machinery.eu\/es\/cookies\/","og_site_name":"Atlas-Machinery","article_modified_time":"2026-01-27T12:21:01+00:00","twitter_card":"summary_large_image","twitter_misc":{"Tiempo de lectura":"2 minutos"},"schema":{"@context":"https:\/\/schema.org","@graph":[{"@type":"WebPage","@id":"https:\/\/atlas-machinery.eu\/cookies\/","url":"https:\/\/atlas-machinery.eu\/cookies\/","name":"Cookies - Atlas-Machinery","isPartOf":{"@id":"https:\/\/atlas-machinery.eu\/#website"},"datePublished":"2026-01-27T12:04:36+00:00","dateModified":"2026-01-27T12:21:01+00:00","breadcrumb":{"@id":"https:\/\/atlas-machinery.eu\/cookies\/#breadcrumb"},"inLanguage":"es","potentialAction":[{"@type":"ReadAction","target":["https:\/\/atlas-machinery.eu\/cookies\/"]}]},{"@type":"BreadcrumbList","@id":"https:\/\/atlas-machinery.eu\/cookies\/#breadcrumb","itemListElement":[{"@type":"ListItem","position":1,"name":"Kezd\u0151lap","item":"https:\/\/atlas-machinery.eu\/"},{"@type":"ListItem","position":2,"name":"Cookies"}]},{"@type":"WebSite","@id":"https:\/\/atlas-machinery.eu\/#website","url":"https:\/\/atlas-machinery.eu\/","name":"Atlas-Machinery","description":"Industrial Dismantling Experts","publisher":{"@id":"https:\/\/atlas-machinery.eu\/#organization"},"potentialAction":[{"@type":"SearchAction","target":{"@type":"EntryPoint","urlTemplate":"https:\/\/atlas-machinery.eu\/?s={search_term_string}"},"query-input":{"@type":"PropertyValueSpecification","valueRequired":true,"valueName":"search_term_string"}}],"inLanguage":"es"},{"@type":"Organization","@id":"https:\/\/atlas-machinery.eu\/#organization","name":"Atlas-Machinery","url":"https:\/\/atlas-machinery.eu\/","logo":{"@type":"ImageObject","inLanguage":"es","@id":"https:\/\/atlas-machinery.eu\/#\/schema\/logo\/image\/","url":"https:\/\/atlas-machinery.eu\/wp-content\/uploads\/2026\/01\/logo.svg","contentUrl":"https:\/\/atlas-machinery.eu\/wp-content\/uploads\/2026\/01\/logo.svg","width":100,"height":100,"caption":"Atlas-Machinery"},"image":{"@id":"https:\/\/atlas-machinery.eu\/#\/schema\/logo\/image\/"}}]}},"_links":{"self":[{"href":"https:\/\/atlas-machinery.eu\/es\/wp-json\/wp\/v2\/pages\/1301","targetHints":{"allow":["GET"]}}],"collection":[{"href":"https:\/\/atlas-machinery.eu\/es\/wp-json\/wp\/v2\/pages"}],"about":[{"href":"https:\/\/atlas-machinery.eu\/es\/wp-json\/wp\/v2\/types\/page"}],"author":[{"embeddable":true,"href":"https:\/\/atlas-machinery.eu\/es\/wp-json\/wp\/v2\/users\/1"}],"replies":[{"embeddable":true,"href":"https:\/\/atlas-machinery.eu\/es\/wp-json\/wp\/v2\/comments?post=1301"}],"version-history":[{"count":4,"href":"https:\/\/atlas-machinery.eu\/es\/wp-json\/wp\/v2\/pages\/1301\/revisions"}],"predecessor-version":[{"id":1316,"href":"https:\/\/atlas-machinery.eu\/es\/wp-json\/wp\/v2\/pages\/1301\/revisions\/1316"}],"wp:attachment":[{"href":"https:\/\/atlas-machinery.eu\/es\/wp-json\/wp\/v2\/media?parent=1301"}],"curies":[{"name":"wp","href":"https:\/\/api.w.org\/{rel}","templated":true}]}}