{"id":1301,"date":"2026-01-27T12:04:36","date_gmt":"2026-01-27T12:04:36","guid":{"rendered":"https:\/\/atlas-machinery.eu\/?page_id=1301"},"modified":"2026-01-27T12:21:01","modified_gmt":"2026-01-27T12:21:01","slug":"cookies","status":"publish","type":"page","link":"https:\/\/atlas-machinery.eu\/de\/cookies\/","title":{"rendered":"Cookies"},"content":{"rendered":"<div data-elementor-type=\"wp-page\" data-elementor-id=\"1301\" class=\"elementor elementor-1301\" data-elementor-post-type=\"page\">\n\t\t\t\t<div class=\"elementor-element elementor-element-d3657c1 e-flex e-con-boxed e-con e-parent\" data-id=\"d3657c1\" data-element_type=\"container\" data-e-type=\"container\">\n\t\t\t\t\t<div class=\"e-con-inner\">\n\t\t\t\t<div class=\"elementor-element elementor-element-bd29516 elementor-widget elementor-widget-html\" data-id=\"bd29516\" data-element_type=\"widget\" data-e-type=\"widget\" data-widget_type=\"html.default\">\n\t\t\t\t\t<style>\n  a.cky-banner-element {\n    padding: 8px 30px;\n    background: #f8f9fa;\n    color: #858a8f;\n    border: 1px solid #dee2e6;\n    box-sizing: border-box;\n    border-radius: 2px;\n    cursor: pointer\n  }\n<\/style>\n<h1 class=\"cookie-policy-h1\">Cookie-Richtlinie<\/h1>\n<div class=\"cookie-policy-date-container\">\n  <p>Datum des Inkrafttretens: 27. Januar 2026<\/p>\n  <p>Zuletzt aktualisiert: Januar 27, 2026<\/p>\n<\/div>&nbsp;<h2>Was sind Cookies?<\/h2>\n<div class=\"cookie-policy-p\">\n  <p>In dieser Cookie-Richtlinie wird erl\u00e4utert, was Cookies sind, wie wir sie verwenden, welche Arten von Cookies wir verwenden (d. h. welche Informationen wir mit Hilfe von Cookies sammeln und wie diese Informationen verwendet werden) und wie Sie Ihre Cookie-Einstellungen verwalten k\u00f6nnen.<\/p>\n  <p>Cookies sind kleine Textdateien, die dazu dienen, kleine Informationen zu speichern. Sie werden auf Ihrem Ger\u00e4t gespeichert, wenn eine Website in Ihrem Browser geladen wird. Diese Cookies tragen dazu bei, dass die Website ordnungsgem\u00e4\u00df funktioniert, erh\u00f6hen die Sicherheit, bieten eine bessere Nutzererfahrung und analysieren die Leistung, um zu ermitteln, was funktioniert und wo Verbesserungen erforderlich sind.<\/p>\n<\/div>&nbsp;<h2>Wie verwenden wir Cookies?<\/h2>\n<div class=\"cookie-policy-p\">\n  <p>Wie die meisten Online-Dienste verwendet auch unsere Website sowohl Erstanbieter- als auch Drittanbieter-Cookies f\u00fcr verschiedene Zwecke. Erstanbieter-Cookies sind in erster Linie f\u00fcr das ordnungsgem\u00e4\u00dfe Funktionieren der Website erforderlich und erfassen keine personenbezogenen Daten.<\/p>\n  <p>Die Cookies von Drittanbietern, die auf unserer Website verwendet werden, helfen uns in erster Linie dabei, die Leistung der Website zu verstehen, zu verfolgen, wie Sie mit ihr interagieren, unsere Dienste sicher zu halten, relevante Werbung zu liefern und Ihre allgemeine Benutzererfahrung zu verbessern, w\u00e4hrend wir die Geschwindigkeit Ihrer zuk\u00fcnftigen Interaktionen mit unserer Website erh\u00f6hen.<\/p>\n<\/div>&nbsp;<h2>Arten von Cookies, die wir verwenden<\/h2>\n<div class=\"cky-audit-table-element\"><\/div>&nbsp;<h2 style=\"margin-bottom: 20px\">Cookie-Einstellungen verwalten<\/h2><a class=\"cky-banner-element\">Pr\u00e4ferenzen f\u00fcr die Zustimmung<\/a><br \/>\n<div>\n  <p>Sie k\u00f6nnen Ihre Cookie-Einstellungen jederzeit \u00e4ndern, indem Sie oben auf die Schaltfl\u00e4che 'Zustimmungseinstellungen' klicken. Dadurch k\u00f6nnen Sie das Cookie-Einwilligungsbanner erneut aufrufen und Ihre Einstellungen aktualisieren oder Ihre Einwilligung sofort widerrufen. <\/p>\n  <p>Dar\u00fcber hinaus bieten die verschiedenen Browser verschiedene Methoden zum Blockieren und L\u00f6schen von Cookies, die von Websites verwendet werden. Sie k\u00f6nnen Ihre Browsereinstellungen anpassen, um Cookies zu blockieren oder zu l\u00f6schen. Nachstehend finden Sie Links zu Support-Dokumenten \u00fcber die Verwaltung und L\u00f6schung von Cookies in den wichtigsten Webbrowsern.<\/p>\n  <p>Chrom: <a target=\"_blank\" rel=\"noopener noreferrer\" href=\"https:\/\/support.google.com\/accounts\/answer\/32050\">https:\/\/support.google.com\/accounts\/answer\/32050<\/a><\/p>\n  <p>Safari: <a target=\"_blank\" rel=\"noopener noreferrer\" href=\"https:\/\/support.apple.com\/en-in\/guide\/safari\/sfri11471\/mac\">https:\/\/support.apple.com\/en-in\/guide\/safari\/sfri11471\/mac<\/a><\/p>\n  <p>Firefox: <a target=\"_blank\" rel=\"noopener noreferrer\" href=\"https:\/\/support.mozilla.org\/en-US\/kb\/clear-cookies-and-site-data-firefox?redirectslug=delete-cookies-remove-info-websites-stored&redirectlocale=en-US\">https:\/\/support.mozilla.org\/en-US\/kb\/clear-cookies-and-site-data-firefox?redirectslug=delete-cookies-remove-info-websites-stored&redirectlocale=en-US<\/a><\/p>\n  <p>Internet Explorer: <a target=\"_blank\" rel=\"noopener noreferrer\" href=\"https:\/\/support.microsoft.com\/en-us\/topic\/how-to-delete-cookie-files-in-internet-explorer-bca9446f-d873-78de-77ba-d42645fa52fc\">https:\/\/support.microsoft.com\/en-us\/topic\/how-to-delete-cookie-files-in-internet-explorer-bca9446f-d873-78de-77ba-d42645fa52fc<\/a><\/p>\n  <p>Wenn Sie einen anderen Webbrowser verwenden, lesen Sie bitte dessen offizielle Support-Dokumentation.<\/p>\n<\/div>&nbsp;<p class=\"cookie-policy-p\"> Cookie-Richtlinie erstellt von <a target=\"_blank\" rel=\"noopener noreferrer\" href=\"https:\/\/www.cookieyes.com\/?utm_source=CP&utm_medium=footer&utm_campaign=UW\">CookieYes - Cookie-Richtlinien-Generator<\/a><\/p>\n<!-- End CookieYes cookie policy -->\t\t\t\t<\/div>\n\t\t\t\t\t<\/div>\n\t\t\t\t<\/div>\n\t\t\t\t<\/div>","protected":false},"excerpt":{"rendered":"<p>Cookie Policy Effective date: January 27, 2026 Last updated: January 27, 2026 &nbsp; What are cookies? This Cookie Policy explains what cookies are, how we use them, the types of cookies we use (i.e., the information we collect using cookies and how that information is used), and how to manage your cookie settings. Cookies are [&hellip;]<\/p>\n","protected":false},"author":1,"featured_media":0,"parent":0,"menu_order":0,"comment_status":"closed","ping_status":"closed","template":"elementor_header_footer","meta":{"inline_featured_image":false,"footnotes":""},"class_list":["post-1301","page","type-page","status-publish","hentry"],"yoast_head":"<!-- This site is optimized with the Yoast SEO Premium plugin v27.4 (Yoast SEO v27.4) - https:\/\/yoast.com\/product\/yoast-seo-premium-wordpress\/ -->\n<title>Cookies - Atlas-Machinery<\/title>\n<meta name=\"robots\" content=\"index, follow, max-snippet:-1, max-image-preview:large, max-video-preview:-1\" \/>\n<link rel=\"canonical\" href=\"https:\/\/atlas-machinery.eu\/de\/cookies\/\" \/>\n<meta property=\"og:locale\" content=\"de_DE\" \/>\n<meta property=\"og:type\" content=\"article\" \/>\n<meta property=\"og:title\" content=\"Cookies\" \/>\n<meta property=\"og:description\" content=\"Cookie Policy Effective date: January 27, 2026 Last updated: January 27, 2026 &nbsp; What are cookies? This Cookie Policy explains what cookies are, how we use them, the types of cookies we use (i.e., the information we collect using cookies and how that information is used), and how to manage your cookie settings. Cookies are [&hellip;]\" \/>\n<meta property=\"og:url\" content=\"https:\/\/atlas-machinery.eu\/de\/cookies\/\" \/>\n<meta property=\"og:site_name\" content=\"Atlas-Machinery\" \/>\n<meta property=\"article:modified_time\" content=\"2026-01-27T12:21:01+00:00\" \/>\n<meta name=\"twitter:card\" content=\"summary_large_image\" \/>\n<meta name=\"twitter:label1\" content=\"Gesch\u00e4tzte Lesezeit\" \/>\n\t<meta name=\"twitter:data1\" content=\"2\u00a0Minuten\" \/>\n<script type=\"application\/ld+json\" class=\"yoast-schema-graph\">{\"@context\":\"https:\\\/\\\/schema.org\",\"@graph\":[{\"@type\":\"WebPage\",\"@id\":\"https:\\\/\\\/atlas-machinery.eu\\\/cookies\\\/\",\"url\":\"https:\\\/\\\/atlas-machinery.eu\\\/cookies\\\/\",\"name\":\"Cookies - Atlas-Machinery\",\"isPartOf\":{\"@id\":\"https:\\\/\\\/atlas-machinery.eu\\\/#website\"},\"datePublished\":\"2026-01-27T12:04:36+00:00\",\"dateModified\":\"2026-01-27T12:21:01+00:00\",\"breadcrumb\":{\"@id\":\"https:\\\/\\\/atlas-machinery.eu\\\/cookies\\\/#breadcrumb\"},\"inLanguage\":\"de\",\"potentialAction\":[{\"@type\":\"ReadAction\",\"target\":[\"https:\\\/\\\/atlas-machinery.eu\\\/cookies\\\/\"]}]},{\"@type\":\"BreadcrumbList\",\"@id\":\"https:\\\/\\\/atlas-machinery.eu\\\/cookies\\\/#breadcrumb\",\"itemListElement\":[{\"@type\":\"ListItem\",\"position\":1,\"name\":\"Kezd\u0151lap\",\"item\":\"https:\\\/\\\/atlas-machinery.eu\\\/\"},{\"@type\":\"ListItem\",\"position\":2,\"name\":\"Cookies\"}]},{\"@type\":\"WebSite\",\"@id\":\"https:\\\/\\\/atlas-machinery.eu\\\/#website\",\"url\":\"https:\\\/\\\/atlas-machinery.eu\\\/\",\"name\":\"Atlas-Machinery\",\"description\":\"Industrial Dismantling Experts\",\"publisher\":{\"@id\":\"https:\\\/\\\/atlas-machinery.eu\\\/#organization\"},\"potentialAction\":[{\"@type\":\"SearchAction\",\"target\":{\"@type\":\"EntryPoint\",\"urlTemplate\":\"https:\\\/\\\/atlas-machinery.eu\\\/?s={search_term_string}\"},\"query-input\":{\"@type\":\"PropertyValueSpecification\",\"valueRequired\":true,\"valueName\":\"search_term_string\"}}],\"inLanguage\":\"de\"},{\"@type\":\"Organization\",\"@id\":\"https:\\\/\\\/atlas-machinery.eu\\\/#organization\",\"name\":\"Atlas-Machinery\",\"url\":\"https:\\\/\\\/atlas-machinery.eu\\\/\",\"logo\":{\"@type\":\"ImageObject\",\"inLanguage\":\"de\",\"@id\":\"https:\\\/\\\/atlas-machinery.eu\\\/#\\\/schema\\\/logo\\\/image\\\/\",\"url\":\"https:\\\/\\\/atlas-machinery.eu\\\/wp-content\\\/uploads\\\/2026\\\/01\\\/logo.svg\",\"contentUrl\":\"https:\\\/\\\/atlas-machinery.eu\\\/wp-content\\\/uploads\\\/2026\\\/01\\\/logo.svg\",\"width\":100,\"height\":100,\"caption\":\"Atlas-Machinery\"},\"image\":{\"@id\":\"https:\\\/\\\/atlas-machinery.eu\\\/#\\\/schema\\\/logo\\\/image\\\/\"}}]}<\/script>\n<!-- \/ Yoast SEO Premium plugin. -->","yoast_head_json":{"title":"Cookies - Atlas-Machinery","robots":{"index":"index","follow":"follow","max-snippet":"max-snippet:-1","max-image-preview":"max-image-preview:large","max-video-preview":"max-video-preview:-1"},"canonical":"https:\/\/atlas-machinery.eu\/de\/cookies\/","og_locale":"de_DE","og_type":"article","og_title":"Cookies","og_description":"Cookie Policy Effective date: January 27, 2026 Last updated: January 27, 2026 &nbsp; What are cookies? This Cookie Policy explains what cookies are, how we use them, the types of cookies we use (i.e., the information we collect using cookies and how that information is used), and how to manage your cookie settings. Cookies are [&hellip;]","og_url":"https:\/\/atlas-machinery.eu\/de\/cookies\/","og_site_name":"Atlas-Machinery","article_modified_time":"2026-01-27T12:21:01+00:00","twitter_card":"summary_large_image","twitter_misc":{"Gesch\u00e4tzte Lesezeit":"2\u00a0Minuten"},"schema":{"@context":"https:\/\/schema.org","@graph":[{"@type":"WebPage","@id":"https:\/\/atlas-machinery.eu\/cookies\/","url":"https:\/\/atlas-machinery.eu\/cookies\/","name":"Cookies - Atlas-Machinery","isPartOf":{"@id":"https:\/\/atlas-machinery.eu\/#website"},"datePublished":"2026-01-27T12:04:36+00:00","dateModified":"2026-01-27T12:21:01+00:00","breadcrumb":{"@id":"https:\/\/atlas-machinery.eu\/cookies\/#breadcrumb"},"inLanguage":"de","potentialAction":[{"@type":"ReadAction","target":["https:\/\/atlas-machinery.eu\/cookies\/"]}]},{"@type":"BreadcrumbList","@id":"https:\/\/atlas-machinery.eu\/cookies\/#breadcrumb","itemListElement":[{"@type":"ListItem","position":1,"name":"Kezd\u0151lap","item":"https:\/\/atlas-machinery.eu\/"},{"@type":"ListItem","position":2,"name":"Cookies"}]},{"@type":"WebSite","@id":"https:\/\/atlas-machinery.eu\/#website","url":"https:\/\/atlas-machinery.eu\/","name":"Atlas-Machinery","description":"Industrial Dismantling Experts","publisher":{"@id":"https:\/\/atlas-machinery.eu\/#organization"},"potentialAction":[{"@type":"SearchAction","target":{"@type":"EntryPoint","urlTemplate":"https:\/\/atlas-machinery.eu\/?s={search_term_string}"},"query-input":{"@type":"PropertyValueSpecification","valueRequired":true,"valueName":"search_term_string"}}],"inLanguage":"de"},{"@type":"Organization","@id":"https:\/\/atlas-machinery.eu\/#organization","name":"Atlas-Machinery","url":"https:\/\/atlas-machinery.eu\/","logo":{"@type":"ImageObject","inLanguage":"de","@id":"https:\/\/atlas-machinery.eu\/#\/schema\/logo\/image\/","url":"https:\/\/atlas-machinery.eu\/wp-content\/uploads\/2026\/01\/logo.svg","contentUrl":"https:\/\/atlas-machinery.eu\/wp-content\/uploads\/2026\/01\/logo.svg","width":100,"height":100,"caption":"Atlas-Machinery"},"image":{"@id":"https:\/\/atlas-machinery.eu\/#\/schema\/logo\/image\/"}}]}},"_links":{"self":[{"href":"https:\/\/atlas-machinery.eu\/de\/wp-json\/wp\/v2\/pages\/1301","targetHints":{"allow":["GET"]}}],"collection":[{"href":"https:\/\/atlas-machinery.eu\/de\/wp-json\/wp\/v2\/pages"}],"about":[{"href":"https:\/\/atlas-machinery.eu\/de\/wp-json\/wp\/v2\/types\/page"}],"author":[{"embeddable":true,"href":"https:\/\/atlas-machinery.eu\/de\/wp-json\/wp\/v2\/users\/1"}],"replies":[{"embeddable":true,"href":"https:\/\/atlas-machinery.eu\/de\/wp-json\/wp\/v2\/comments?post=1301"}],"version-history":[{"count":4,"href":"https:\/\/atlas-machinery.eu\/de\/wp-json\/wp\/v2\/pages\/1301\/revisions"}],"predecessor-version":[{"id":1316,"href":"https:\/\/atlas-machinery.eu\/de\/wp-json\/wp\/v2\/pages\/1301\/revisions\/1316"}],"wp:attachment":[{"href":"https:\/\/atlas-machinery.eu\/de\/wp-json\/wp\/v2\/media?parent=1301"}],"curies":[{"name":"wp","href":"https:\/\/api.w.org\/{rel}","templated":true}]}}